{"id":248,"date":"2023-05-24T10:43:16","date_gmt":"2023-05-24T10:43:16","guid":{"rendered":"https:\/\/dev.gladfour.com\/?page_id=248"},"modified":"2023-05-24T10:43:47","modified_gmt":"2023-05-24T10:43:47","slug":"aviso-legal","status":"publish","type":"page","link":"https:\/\/www.gladfour.com\/de\/rechtliche-warnung\/","title":{"rendered":"Rechtliche Warnung"},"content":{"rendered":"<p><strong>Der Text wurde zuletzt am 22. Mai 2023 \u00fcberpr\u00fcft und aktualisiert.<\/strong><\/p>\n\n\n\n<h4 class=\"wp-block-heading\"><strong>OBJEKT:<\/strong><\/h4>\n\n\n\n<p>Diese Website wurde entwickelt, um die von Gladfour, SL, mit der Adresse: Calle Morcillo, 7 de D\u00farcal, Postleitzahl 18650 von Granada, Spanien, angebotenen Dienstleistungen bekannt zu machen und der breiten \u00d6ffentlichkeit zu verkaufen; sowie f\u00fcr den Empfang potenzieller Kunden und Gesch\u00e4ftskontakte.<\/p>\n\n\n\n<h4 class=\"wp-block-heading\"><strong>GEISTIGES UND INDUSTRIELLES EIGENTUM:<\/strong><\/h4>\n\n\n\n<p><strong><a href=\"https:\/\/psicologiacorbacho.es\" target=\"_blank\" rel=\"noreferrer noopener\">www.gladfour.com<\/a>\u00a0zugeh\u00f6rig:<\/strong><\/p>\n\n\n\n<p><strong>Gladfour, SL<\/strong><br>Calle Morcillo, 7 de D\u00farcal, Postleitzahl 18650 von Granada, Spanien.<br><strong>Tel.:<\/strong>\u00a0629 366 081<br><strong>Email:<\/strong>\u00a0<a href=\"mailto:contacto@gladfour.com\" target=\"_blank\" rel=\"noreferrer noopener\">contacto@gladfour.com<\/a><br><strong>Gesetzlicher Vertreter:<\/strong>\u00a0Mar\u00eda Lourdes Ferrer Mart\u00edn.<br><strong>Steueridentifikationsnummer:<\/strong>\u00a0B05401096<br><\/p>\n\n\n\n<p>Die geistigen Eigentumsrechte der Seite www.gladfour.com, des Designs, der Navigationsstrukturen und der verschiedenen darin enthaltenen Elemente liegen bei \u201eGladfour, SL\u201c, die f\u00fcr die ausschlie\u00dfliche Aus\u00fcbung der Rechte zur Verwertung in jeglicher Form verantwortlich ist und, insbesondere die Rechte der Vervielf\u00e4ltigung, Verbreitung, \u00f6ffentlichen Kommunikation und Umwandlung gem\u00e4\u00df den geltenden Rechtsvorschriften Spaniens und der Europ\u00e4ischen Union.<\/p>\n\n\n\n<p>El sitio web de \u201cGladfour Clean Energy\u201d, las p\u00e1ginas que comprende y la informaci\u00f3n o elementos contenidos en las mismas, incluyen textos, documentos, fotograf\u00edas, dibujos, representaciones gr\u00e1ficas, programas inform\u00e1ticos, as\u00ed como logotipos, marcas, nombres comerciales, u otros signos distintivos, protegidos por derechos de propiedad intelectual o industrial, de los que \u201cGladfour, S.L.\u00bb es titular o leg\u00edtima licenciataria.<\/p>\n\n\n\n<h4 class=\"wp-block-heading\"><strong>INHALT:<\/strong><\/h4>\n\n\n\n<p>Auf dieser Website werden Informationen \u00fcber Produkte und Dienstleistungen bereitgestellt, die der \u00d6ffentlichkeit zug\u00e4nglich gemacht werden und in jedem Fall den jeweils ausdr\u00fccklich dargelegten Allgemeinen Gesch\u00e4ftsbedingungen unterliegen und die \u00fcber diese Website zug\u00e4nglich sind und den verschiedenen Bestimmungen der geltenden Gesetze unterliegen .<\/p>\n\n\n\n<h4 class=\"wp-block-heading\"><strong>ZUGANG UND NUTZUNG:<\/strong><\/h4>\n\n\n\n<p>Sowohl der Zugriff auf diese Website als auch die Nutzung der darin enthaltenen Informationen und Inhalte unterliegen der ausschlie\u00dflichen Verantwortung desjenigen, der dies tut.<\/p>\n\n\n\n<p>Die Zugangsbedingungen zu dieser Website unterliegen der geltenden Gesetzgebung sowie den Grunds\u00e4tzen von Treu und Glauben und der rechtm\u00e4\u00dfigen Nutzung durch den Nutzer. Jede Art von Handlung zum Nachteil von \u201eGladfour, SL\u201c ist grunds\u00e4tzlich untersagt.<\/p>\n\n\n\n<p>Die Nutzung dieser Website f\u00fcr illegale oder nicht autorisierte Zwecke gilt als streng verboten.<\/p>\n\n\n\n<p>Jede Form der Verwertung, einschlie\u00dflich aller Arten der Vervielf\u00e4ltigung, Verbreitung, Weitergabe an Dritte, \u00f6ffentliche Kommunikation und Umwandlung der oben genannten Werke, Kreationen und Unterscheidungszeichen durch jegliche Art von Tr\u00e4ger und Medium ist ohne vorherige und ausdr\u00fcckliche Genehmigung der jeweiligen Anbieter verboten Eigent\u00fcmer. Schlagzeilen. Die Nichtbeachtung dieses Verbots kann eine Straftat darstellen, die nach geltendem Recht strafbar ist.<\/p>\n\n\n\n<p>Der Nutzer darf jedoch auf eigenes Risiko und auf eigene Kosten solche Elemente ausschlie\u00dflich f\u00fcr den pers\u00f6nlichen Gebrauch herunterladen oder kopieren, sofern sie keine geistigen oder gewerblichen Eigentumsrechte von \u201eGladfour, SL\u201c verletzen oder diese ver\u00e4ndern ganz oder teilweise. teilweise. In keinem Fall bedeutet dies eine Genehmigung oder Lizenz f\u00fcr die Eigentumsrechte von \u201eGladfour, SL\u201c.<\/p>\n\n\n\n<p>Es ist untersagt, au\u00dfer in den von \u201eGladfour, SL\u201c ausdr\u00fccklich genehmigten F\u00e4llen, die Seiten von \u201ewww.gladfour.com\u201c, \u201egladfour.com\u201c oder die darin enthaltenen Informationen in Rahmen, Unterscheidungszeichen, Marken oder sozialen Netzwerken darzustellen oder Handelsnamen einer anderen Person, Firma oder Organisation.<\/p>\n\n\n\n<h4 class=\"wp-block-heading\"><strong>VERANTWORTUNG:<\/strong><\/h4>\n\n\n\n<p>\u201eGladfour, SL\u201c ist unter keinen Umst\u00e4nden f\u00fcr Sch\u00e4den jeglicher Art verantwortlich, die den Benutzern dieser Website oder anderen aufgrund der illegalen oder unsachgem\u00e4\u00dfen Nutzung dieser Website oder der zug\u00e4nglichen oder bereitgestellten Inhalte und Informationen entstehen k\u00f6nnten es durchzustehen.<\/p>\n\n\n\n<h4 class=\"wp-block-heading\"><strong>SERVICE:<\/strong><\/h4>\n\n\n\n<p>\u201eGladfour, SL\u201c beh\u00e4lt sich das Recht vor, den Zugriff auf die Website:gladfour.com ohne vorherige Ank\u00fcndigung nach eigenem Ermessen und vor\u00fcbergehend aus technischen oder anderen Gr\u00fcnden zu sperren, und kann auch beide Zugriffsbedingungen einseitig \u00e4ndern, wie alle oder Teil der darin enthaltenen Inhalte.<\/p>\n\n\n\n<h4 class=\"wp-block-heading\"><strong>ALLGEMEIN:<\/strong><\/h4>\n\n\n\n<p>F\u00fcr alle strittigen Fragen oder Angelegenheiten, die die Website \u201egladfour.com\u201c betreffen, Eigentum von \u201eGladfour, SL\u201c, gilt die spanische Gesetzgebung, die f\u00fcr die L\u00f6sung aller Konflikte zust\u00e4ndig ist, die sich aus der Nutzung dieser Website ergeben oder damit in Zusammenhang stehen. , die Gerichte und Tribunale von D\u00farcal, Provinz Granada. Der Zugriff auf die Website \u201ewww.gladfour.com\u201c setzt die Annahme aller oben genannten Bedingungen voraus.<\/p>\n\n\n\n<h4 class=\"wp-block-heading\"><strong>HYPERLINKS:<\/strong><\/h4>\n\n\n\n<p>Die auf der Website Gladfour.com, Eigentum von \u201eGladfour, SL\u201c enthaltenen Hyperlinks k\u00f6nnen auf Webseiten Dritter verweisen. \u201eGladfour, SL\u201c \u00fcbernimmt keine Verantwortung f\u00fcr die Inhalte, Informationen oder Dienste, die auf diesen Websites erscheinen k\u00f6nnen. Diese dienen ausschlie\u00dflich der Information und stellen in keinem Fall eine Beziehung zwischen \u201eGladfour, SL\u201c und den nat\u00fcrlichen oder juristischen Personen dar, denen die Website geh\u00f6rt solche Websites. Inhalte oder Schlagzeilen der Websites, auf denen sie zu finden sind.<\/p>\n\n\n\n<h4 class=\"wp-block-heading\"><strong>VERWENDUNG VON COOKIES:<\/strong><\/h4>\n\n\n\n<p>\u201eGladfour, SL\u201c kann Cookies verwenden, wenn ein Benutzer die Webseiten der Website durchsucht. Cookies sind nur mit dem Browser eines bestimmten Computers (eines anonymen Benutzers) verkn\u00fcpft und stellen nicht allein den Vor- und Nachnamen des Benutzers bereit. Dank Cookies ist es \u201eGladfour, SL\u201c m\u00f6glich, Pr\u00e4ferenzen bez\u00fcglich der Inhalte der Website zu erkennen, die bei fr\u00fcheren Besuchen von Benutzern ausgew\u00e4hlt wurden, um sich an ihre Pr\u00e4ferenzen zu erinnern, ohne sie bei sp\u00e4teren Besuchen erneut ausw\u00e4hlen zu m\u00fcssen.<\/p>\n\n\n\n<p>Der Nutzer hat die M\u00f6glichkeit, seinen Browser so zu konfigurieren, dass er auf dem Bildschirm \u00fcber den Empfang von Cookies informiert wird und die Installation von Cookies auf seiner Festplatte verhindert.<\/p>\n\n\n\n<p>Weitere Informationen finden Sie in den Anweisungen und Handb\u00fcchern Ihres Browsers. F\u00fcr die Nutzung der Website ist es nicht erforderlich, dass der Benutzer der Installation der von \u201eGladfour, SL\u201c gesendeten Cookies zustimmt, unbeschadet der Tatsache, dass der Benutzer in diesem Fall diese Auswahl jedes Mal treffen muss Sie besuchen die Website.<\/p>\n\n\n\n<p>Weitere Informationen zu unserer Verwendung von Cookies finden Sie in unserem <a href=\"https:\/\/www.gladfour.com\/de\/cookie-richtlinie\/\">Cookie-Richtlinie<\/a>.<\/p>\n\n\n\n<p><strong>Der Text wurde zuletzt am 22. Mai 2023 \u00fcberpr\u00fcft und aktualisiert.<\/strong><\/p>","protected":false},"excerpt":{"rendered":"<p>Texto revisado y actualizado por \u00faltima vez el 22 de mayo de 2023. OBJETO: La presente p\u00e1gina web ha sido dise\u00f1ada para dar a conocer y vender al p\u00fablico en general los servicios ofertados por Gladfour, S.L., con domicilio en: Calle Morcillo, 7 de D\u00farcal, C\u00f3digo Postal 18650 de Granada, Espa\u00f1a; as\u00ed como para la [&hellip;]<\/p>\n","protected":false},"author":1,"featured_media":0,"parent":0,"menu_order":0,"comment_status":"closed","ping_status":"closed","template":"","meta":{"footnotes":""},"categories":[11],"tags":[21],"class_list":["post-248","page","type-page","status-publish","hentry","category-legal","tag-page-content"],"yoast_head":"<!-- This site is optimized with the Yoast SEO plugin v27.4 - https:\/\/yoast.com\/product\/yoast-seo-wordpress\/ -->\n<title>Aviso Legal - Gladfour Clean Energy<\/title>\n<meta name=\"description\" content=\"Est\u00e1 p\u00e1gina recoge el Aviso Legal del sitio web de Gladfour Clean Energy, propiedad de la sociedad espa\u00f1ola Gladfour, S.L.\" \/>\n<meta name=\"robots\" content=\"index, follow, max-snippet:-1, max-image-preview:large, max-video-preview:-1\" \/>\n<link rel=\"canonical\" href=\"https:\/\/www.gladfour.com\/de\/rechtliche-warnung\/\" \/>\n<meta property=\"og:locale\" content=\"de_DE\" \/>\n<meta property=\"og:type\" content=\"article\" \/>\n<meta property=\"og:title\" content=\"Aviso Legal - Gladfour Clean Energy\" \/>\n<meta property=\"og:description\" content=\"Est\u00e1 p\u00e1gina recoge el Aviso Legal del sitio web de Gladfour Clean Energy, propiedad de la sociedad espa\u00f1ola Gladfour, S.L.\" \/>\n<meta property=\"og:url\" content=\"https:\/\/www.gladfour.com\/de\/rechtliche-warnung\/\" \/>\n<meta property=\"og:site_name\" content=\"Gladfour Clean Energy\" \/>\n<meta property=\"article:modified_time\" content=\"2023-05-24T10:43:47+00:00\" \/>\n<meta name=\"twitter:card\" content=\"summary_large_image\" \/>\n<meta name=\"twitter:label1\" content=\"Gesch\u00e4tzte Lesezeit\" \/>\n\t<meta name=\"twitter:data1\" content=\"5\u00a0Minuten\" \/>\n<script type=\"application\/ld+json\" class=\"yoast-schema-graph\">{\"@context\":\"https:\\\/\\\/schema.org\",\"@graph\":[{\"@type\":\"WebPage\",\"@id\":\"https:\\\/\\\/www.gladfour.com\\\/aviso-legal\\\/\",\"url\":\"https:\\\/\\\/www.gladfour.com\\\/aviso-legal\\\/\",\"name\":\"Aviso Legal - Gladfour Clean Energy\",\"isPartOf\":{\"@id\":\"https:\\\/\\\/www.gladfour.com\\\/#website\"},\"datePublished\":\"2023-05-24T10:43:16+00:00\",\"dateModified\":\"2023-05-24T10:43:47+00:00\",\"description\":\"Est\u00e1 p\u00e1gina recoge el Aviso Legal del sitio web de Gladfour Clean Energy, propiedad de la sociedad espa\u00f1ola Gladfour, S.L.\",\"breadcrumb\":{\"@id\":\"https:\\\/\\\/www.gladfour.com\\\/aviso-legal\\\/#breadcrumb\"},\"inLanguage\":\"de\",\"potentialAction\":[{\"@type\":\"ReadAction\",\"target\":[\"https:\\\/\\\/www.gladfour.com\\\/aviso-legal\\\/\"]}]},{\"@type\":\"BreadcrumbList\",\"@id\":\"https:\\\/\\\/www.gladfour.com\\\/aviso-legal\\\/#breadcrumb\",\"itemListElement\":[{\"@type\":\"ListItem\",\"position\":1,\"name\":\"Inicio\",\"item\":\"https:\\\/\\\/www.gladfour.com\\\/\"},{\"@type\":\"ListItem\",\"position\":2,\"name\":\"Aviso Legal\"}]},{\"@type\":\"WebSite\",\"@id\":\"https:\\\/\\\/www.gladfour.com\\\/#website\",\"url\":\"https:\\\/\\\/www.gladfour.com\\\/\",\"name\":\"Gladfour Clean Energy\",\"description\":\"Consultor\u00eda estrat\u00e9gica, financiera y biosanitaria.\",\"publisher\":{\"@id\":\"https:\\\/\\\/www.gladfour.com\\\/#organization\"},\"potentialAction\":[{\"@type\":\"SearchAction\",\"target\":{\"@type\":\"EntryPoint\",\"urlTemplate\":\"https:\\\/\\\/www.gladfour.com\\\/?s={search_term_string}\"},\"query-input\":{\"@type\":\"PropertyValueSpecification\",\"valueRequired\":true,\"valueName\":\"search_term_string\"}}],\"inLanguage\":\"de\"},{\"@type\":\"Organization\",\"@id\":\"https:\\\/\\\/www.gladfour.com\\\/#organization\",\"name\":\"Gladfour Clean Energy\",\"url\":\"https:\\\/\\\/www.gladfour.com\\\/\",\"logo\":{\"@type\":\"ImageObject\",\"inLanguage\":\"de\",\"@id\":\"https:\\\/\\\/www.gladfour.com\\\/#\\\/schema\\\/logo\\\/image\\\/\",\"url\":\"https:\\\/\\\/www.gladfour.com\\\/wp-content\\\/uploads\\\/2023\\\/03\\\/0.1-LOGO-GLADFOUR-2.jpg\",\"contentUrl\":\"https:\\\/\\\/www.gladfour.com\\\/wp-content\\\/uploads\\\/2023\\\/03\\\/0.1-LOGO-GLADFOUR-2.jpg\",\"width\":714,\"height\":196,\"caption\":\"Gladfour Clean Energy\"},\"image\":{\"@id\":\"https:\\\/\\\/www.gladfour.com\\\/#\\\/schema\\\/logo\\\/image\\\/\"}}]}<\/script>\n<!-- \/ Yoast SEO plugin. -->","yoast_head_json":{"title":"Rechtlicher Hinweis \u2013 Gladfour Clean Energy","description":"Diese Seite enth\u00e4lt den rechtlichen Hinweis der Gladfour Clean Energy-Website, Eigentum des spanischen Unternehmens Gladfour, SL","robots":{"index":"index","follow":"follow","max-snippet":"max-snippet:-1","max-image-preview":"max-image-preview:large","max-video-preview":"max-video-preview:-1"},"canonical":"https:\/\/www.gladfour.com\/de\/rechtliche-warnung\/","og_locale":"de_DE","og_type":"article","og_title":"Aviso Legal - Gladfour Clean Energy","og_description":"Est\u00e1 p\u00e1gina recoge el Aviso Legal del sitio web de Gladfour Clean Energy, propiedad de la sociedad espa\u00f1ola Gladfour, S.L.","og_url":"https:\/\/www.gladfour.com\/de\/rechtliche-warnung\/","og_site_name":"Gladfour Clean Energy","article_modified_time":"2023-05-24T10:43:47+00:00","twitter_card":"summary_large_image","twitter_misc":{"Gesch\u00e4tzte Lesezeit":"5\u00a0Minuten"},"schema":{"@context":"https:\/\/schema.org","@graph":[{"@type":"WebPage","@id":"https:\/\/www.gladfour.com\/aviso-legal\/","url":"https:\/\/www.gladfour.com\/aviso-legal\/","name":"Rechtlicher Hinweis \u2013 Gladfour Clean Energy","isPartOf":{"@id":"https:\/\/www.gladfour.com\/#website"},"datePublished":"2023-05-24T10:43:16+00:00","dateModified":"2023-05-24T10:43:47+00:00","description":"Diese Seite enth\u00e4lt den rechtlichen Hinweis der Gladfour Clean Energy-Website, Eigentum des spanischen Unternehmens Gladfour, SL","breadcrumb":{"@id":"https:\/\/www.gladfour.com\/aviso-legal\/#breadcrumb"},"inLanguage":"de","potentialAction":[{"@type":"ReadAction","target":["https:\/\/www.gladfour.com\/aviso-legal\/"]}]},{"@type":"BreadcrumbList","@id":"https:\/\/www.gladfour.com\/aviso-legal\/#breadcrumb","itemListElement":[{"@type":"ListItem","position":1,"name":"Inicio","item":"https:\/\/www.gladfour.com\/"},{"@type":"ListItem","position":2,"name":"Aviso Legal"}]},{"@type":"WebSite","@id":"https:\/\/www.gladfour.com\/#website","url":"https:\/\/www.gladfour.com\/","name":"Gladfour Saubere Energie","description":"Strategische, finanzielle und biosanit\u00e4re Beratung.","publisher":{"@id":"https:\/\/www.gladfour.com\/#organization"},"potentialAction":[{"@type":"SearchAction","target":{"@type":"EntryPoint","urlTemplate":"https:\/\/www.gladfour.com\/?s={search_term_string}"},"query-input":{"@type":"PropertyValueSpecification","valueRequired":true,"valueName":"search_term_string"}}],"inLanguage":"de"},{"@type":"Organization","@id":"https:\/\/www.gladfour.com\/#organization","name":"Gladfour Saubere Energie","url":"https:\/\/www.gladfour.com\/","logo":{"@type":"ImageObject","inLanguage":"de","@id":"https:\/\/www.gladfour.com\/#\/schema\/logo\/image\/","url":"https:\/\/www.gladfour.com\/wp-content\/uploads\/2023\/03\/0.1-LOGO-GLADFOUR-2.jpg","contentUrl":"https:\/\/www.gladfour.com\/wp-content\/uploads\/2023\/03\/0.1-LOGO-GLADFOUR-2.jpg","width":714,"height":196,"caption":"Gladfour Clean Energy"},"image":{"@id":"https:\/\/www.gladfour.com\/#\/schema\/logo\/image\/"}}]}},"_links":{"self":[{"href":"https:\/\/www.gladfour.com\/de\/wp-json\/wp\/v2\/pages\/248","targetHints":{"allow":["GET"]}}],"collection":[{"href":"https:\/\/www.gladfour.com\/de\/wp-json\/wp\/v2\/pages"}],"about":[{"href":"https:\/\/www.gladfour.com\/de\/wp-json\/wp\/v2\/types\/page"}],"author":[{"embeddable":true,"href":"https:\/\/www.gladfour.com\/de\/wp-json\/wp\/v2\/users\/1"}],"replies":[{"embeddable":true,"href":"https:\/\/www.gladfour.com\/de\/wp-json\/wp\/v2\/comments?post=248"}],"version-history":[{"count":0,"href":"https:\/\/www.gladfour.com\/de\/wp-json\/wp\/v2\/pages\/248\/revisions"}],"wp:attachment":[{"href":"https:\/\/www.gladfour.com\/de\/wp-json\/wp\/v2\/media?parent=248"}],"wp:term":[{"taxonomy":"category","embeddable":true,"href":"https:\/\/www.gladfour.com\/de\/wp-json\/wp\/v2\/categories?post=248"},{"taxonomy":"post_tag","embeddable":true,"href":"https:\/\/www.gladfour.com\/de\/wp-json\/wp\/v2\/tags?post=248"}],"curies":[{"name":"wp","href":"https:\/\/api.w.org\/{rel}","templated":true}]}}