{"id":252,"date":"2023-05-24T10:51:20","date_gmt":"2023-05-24T10:51:20","guid":{"rendered":"https:\/\/dev.gladfour.com\/?page_id=252"},"modified":"2023-05-24T11:13:51","modified_gmt":"2023-05-24T11:13:51","slug":"politica-de-cookies","status":"publish","type":"page","link":"https:\/\/www.gladfour.com\/de\/cookie-richtlinie\/","title":{"rendered":"Cookie-Richtlinie"},"content":{"rendered":"<p><strong>Text \u00fcberarbeitet und aktualisiert am 20. Mai 2023<\/strong>.<\/p>\n\n\n\n<p>In \u00dcbereinstimmung mit der Informationspflicht gem\u00e4\u00df Artikel 22 Abschnitt 2 des Gesetzes 34\/2002 vom 11. Juli \u00fcber Dienste der Informationsgesellschaft und den elektronischen Handel besteht der Zweck dieser Cookie-Richtlinie darin, Sie klar und pr\u00e4zise \u00fcber die Cookies zu informieren auf der Website von verwendet&nbsp;<strong>Gladfour Saubere Energie <\/strong>Eigentum von <strong>Gladfour, SL<\/strong>.<\/p>\n\n\n\n<h4 class=\"wp-block-heading\"><strong>Was sind Cookies?<\/strong><\/h4>\n\n\n\n<p>Ein Cookie ist eine kleine Datei, die Websites an Ihren Browser senden und auf Ihren Computer herunterladen. Cookies erm\u00f6glichen es der Website, Informationen \u00fcber Ihren Besuch zu speichern und abzurufen, wie z. B. Ihre bevorzugte Sprache und andere Optionen, um die angebotenen Dienste zu verbessern und zu einem besseren Surferlebnis f\u00fcr den Benutzer beizutragen.<\/p>\n\n\n\n<p>Die meisten Browser akzeptieren standardm\u00e4\u00dfig Cookies und erlauben oder verhindern unabh\u00e4ngig davon in den Sicherheitseinstellungen tempor\u00e4re oder gespeicherte Cookies.<\/p>\n\n\n\n<p>Ohne Ihre ausdr\u00fcckliche Einwilligung \u2013 durch die Aktivierung von Cookies in Ihrem Browser \u2013 verkn\u00fcpft Gladfour.com die gespeicherten Daten nicht in Cookies mit Ihren bei der Registrierung oder beim Kauf angegebenen personenbezogenen Daten.<\/p>\n\n\n\n<h4 class=\"wp-block-heading\"><strong>Autorisierung f\u00fcr die Verwendung von Cookies<\/strong><\/h4>\n\n\n\n<p>Gem\u00e4\u00df dem auf der Website angezeigten Cookie-Hinweis akzeptiert der Benutzer, dass er durch das Surfen auf der Website ausdr\u00fccklich der Verwendung von Cookies gem\u00e4\u00df der nachstehenden Beschreibung zustimmt, unbeschadet der M\u00f6glichkeit, die Einstellungen des Benutzers zu \u00e4ndern Cookies. Ihr Browser kann die Verwendung von Cookies ablehnen.<\/p>\n\n\n\n<h4 class=\"wp-block-heading\"><strong>Arten von Cookies<\/strong><\/h4>\n\n\n\n<p>Je nachdem, wer die Domain verwaltet, von der aus die Cookies gesendet und die Daten verarbeitet werden, wird zwischen eigenen Cookies und Cookies von Drittanbietern unterschieden.<\/p>\n\n\n\n<p>Cookies k\u00f6nnen auch nach der Dauer ihrer Speicherung im Browser des Benutzers klassifiziert werden, wobei zwischen Sitzungscookies und dauerhaften Cookies unterschieden wird.<\/p>\n\n\n\n<p>Abh\u00e4ngig vom Zweck, zu dem die gesammelten Informationen verarbeitet werden, k\u00f6nnen Cookies schlie\u00dflich in die folgenden Kategorien eingeteilt werden:<\/p>\n\n\n\n<ul class=\"wp-block-list\">\n<li><strong>Technische Cookies:<\/strong>&nbsp;Sie erm\u00f6glichen es dem Benutzer, durch eine Website zu navigieren und einige der von ihr angebotenen Dienste zu nutzen (z. B. solche, die dazu dienen, sich die Elemente zu merken, aus denen ein Warenkorb besteht).<\/li>\n\n\n\n<li><strong>Personalisierungs-Cookies:<\/strong>&nbsp;Sie erm\u00f6glichen dem Benutzer den Zugriff auf die Website mit bestimmten Merkmalen, beispielsweise der Sprache.<\/li>\n\n\n\n<li><strong>Sicherheitscookies:<\/strong>&nbsp;Sie dienen dazu, Angriffe auf die Website zu verhindern oder zu erschweren.<\/li>\n\n\n\n<li><strong>Plugin-Cookies zum Austausch sozialer Inhalte:<\/strong>&nbsp;die sogenannten Plug-ins, die das Teilen von Inhalten in sozialen Netzwerken erm\u00f6glichen.<\/li>\n\n\n\n<li><strong>Analyse-Cookies:<\/strong>&nbsp;Sie erm\u00f6glichen es dem Verantwortlichen, das Verhalten des Nutzers zu \u00fcberwachen.<\/li>\n\n\n\n<li><strong>Werbe-Cookies:<\/strong>&nbsp;Sie erm\u00f6glichen Ihnen die Verwaltung der Werbefl\u00e4chen auf der Website.<\/li>\n\n\n\n<li><strong>Verhaltensbezogene Werbe-Cookies:<\/strong>&nbsp;Wie die vorherigen dienen sie dazu, die Werbefl\u00e4chen auf der Website auf der Grundlage der gesammelten Informationen \u00fcber das Verhalten und die Gewohnheiten des Benutzers zu verwalten und die Werbung an das Profil des Benutzers anzupassen.<\/li>\n\n\n\n<li><strong>Geolocation-Cookies:<\/strong>&nbsp;Wird verwendet, um das Land herauszufinden, in dem sich der Benutzer befindet.<\/li>\n<\/ul>\n\n\n\n<p><\/p>\n\n\n\n<h4 class=\"wp-block-heading\"><strong>So \u00e4ndern Sie die Cookie-Einstellungen<\/strong><\/h4>\n\n\n\n<p>Sie k\u00f6nnen Cookies von Gladfour Clean Energy oder jeder anderen Website mit Ihrem Browser einschr\u00e4nken, blockieren oder l\u00f6schen. In jedem Browser ist der Vorgang anders. Die Vorgehensweise dazu finden Sie im Hilfemen\u00fc Ihres Browsers, wo das Verfahren zur Beseitigung beschrieben wird. Weitere Informationen finden Sie unter den folgenden Links:<\/p>\n\n\n\n<p><strong>Google Chrome:<\/strong><\/p>\n\n\n\n<figure class=\"wp-block-embed\"><div class=\"wp-block-embed__wrapper\">\nhttps:\/\/support.google.com\/chrome\/answer\/95647?co=GENIE.Platform%3DDesktop&#038;hl=es\n<\/div><\/figure>\n\n\n\n<p><strong>Mozilla Firefox:<\/strong><\/p>\n\n\n\n<figure class=\"wp-block-embed\"><div class=\"wp-block-embed__wrapper\">\nhttps:\/\/support.mozilla.org\/es\/kb\/habilitar-y-deshabilitar-cookies-sitios-web-rastrear-preferencias\n<\/div><\/figure>\n\n\n\n<p><strong>Safari:<\/strong><\/p>\n\n\n\n<figure class=\"wp-block-embed\"><div class=\"wp-block-embed__wrapper\">\nhttps:\/\/support.apple.com\/es-es\/guide\/safari\/sfri11471\/mac\n<\/div><\/figure>\n\n\n\n<p><strong>Internet Explorer:<\/strong><\/p>\n\n\n\n<figure class=\"wp-block-embed\"><div class=\"wp-block-embed__wrapper\">\nhttps:\/\/support.microsoft.com\/es-es\/help\/278835\/how-to-delete-cookie-files-in-internet-explorer\n<\/div><\/figure>\n\n\n\n<p>Es ist m\u00f6glich, dass die Website durch die Deaktivierung von Cookies nicht richtig funktioniert oder Sie auf bestimmte Funktionen der Website nicht zugreifen k\u00f6nnen.<\/p>\n\n\n\n<p>Dar\u00fcber hinaus bieten viele Browser die M\u00f6glichkeit, einen privaten Modus zu aktivieren, durch den Cookies nach Ihrem Besuch stets gel\u00f6scht werden. Je nach Browser kann dieser private Modus unterschiedliche Namen haben. Nachfolgend finden Sie eine Liste der g\u00e4ngigsten Browser und der unterschiedlichen Namen dieses \u201eprivaten Modus\u201c:<\/p>\n\n\n\n<ul class=\"wp-block-list\">\n<li>Internet Explorer 8 und h\u00f6her: InPrivate<\/li>\n\n\n\n<li>Firefox 3.5 und h\u00f6her: Privates Surfen<\/li>\n\n\n\n<li>Google Chrome 10 und h\u00f6her: Inkognito<\/li>\n\n\n\n<li>Safari 2 und h\u00f6her: Privates Surfen<\/li>\n\n\n\n<li>Opera 10.5 und h\u00f6her: Privates Surfen<\/li>\n<\/ul>\n\n\n\n<p><\/p>\n\n\n\n<p>Bitte lesen Sie den Hilfebereich Ihres Browsers sorgf\u00e4ltig durch, um mehr dar\u00fcber zu erfahren, wie Sie den \u201eprivaten Modus\u201c aktivieren. Sie k\u00f6nnen unsere Website weiterhin besuchen, auch wenn sich Ihr Browser im \u201eprivaten Modus\u201c befindet. Allerdings ist die Benutzererfahrung m\u00f6glicherweise nicht optimal und einige Dienstprogramme funktionieren m\u00f6glicherweise nicht.<\/p>\n\n\n\n<h4 class=\"wp-block-heading\" id=\"Cookiebot\"><strong>Auf dieser Website verwendete Cookies<\/strong><\/h4>\n\n\n\n<script id=\"CookieDeclaration\" src=\"https:\/\/consent.cookiebot.com\/8be57fe6-5ada-4e53-b66a-31b791117fe2\/cd.js\" type=\"text\/javascript\" async><\/script>\n\n\n\n<h4 class=\"wp-block-heading\"><strong>\u00c4nderung der Bedingungen<\/strong><\/h4>\n\n\n\n<p>Gladfour, SL beh\u00e4lt sich ausdr\u00fccklich das Recht vor, diese Cookie-Richtlinie ohne vorherige Ank\u00fcndigung ganz oder teilweise einseitig zu \u00e4ndern. Der Benutzer erkennt an und akzeptiert, dass es in seiner Verantwortung liegt, diese Cookie-Richtlinie zu lesen.<\/p>\n\n\n\n<p>Wenn Sie Fragen zu dieser Cookie-Richtlinie haben, k\u00f6nnen Sie uns unter folgender Adresse kontaktieren: <a href=\"mailto:contacto@psicologiacorbacho.es\" target=\"_blank\" rel=\"noreferrer noopener\">contacto@gladfour.com<\/a><\/p>\n\n\n\n<p><strong>Text \u00fcberarbeitet und aktualisiert am 20. Mai 2023<\/strong>.<\/p>","protected":false},"excerpt":{"rendered":"<p>Texto revisado y actualizado el 20 de mayo de 2023. En cumplimiento con el deber de informaci\u00f3n recogido en el apartado 2\u00ba del art\u00edculo 22 de la Ley 34\/2002, de 11 de Julio, de Servicios de la Sociedad de la Informaci\u00f3n y del Comercio Electr\u00f3nico, la presente pol\u00edtica de cookies tiene por finalidad informarte de [&hellip;]<\/p>\n","protected":false},"author":1,"featured_media":0,"parent":0,"menu_order":0,"comment_status":"closed","ping_status":"closed","template":"","meta":{"footnotes":""},"categories":[11],"tags":[21],"class_list":["post-252","page","type-page","status-publish","hentry","category-legal","tag-page-content"],"yoast_head":"<!-- This site is optimized with the Yoast SEO plugin v27.4 - https:\/\/yoast.com\/product\/yoast-seo-wordpress\/ -->\n<title>Pol\u00edtica de cookies - Gladfour Clean Energy<\/title>\n<meta name=\"description\" content=\"Est\u00e1 p\u00e1gina recoge la Pol\u00edtica de Cookies del sitio web de Gladfour Clean Energy, propiedad de la sociedad espa\u00f1ola Gladfour, S.L.\" \/>\n<meta name=\"robots\" content=\"index, follow, max-snippet:-1, max-image-preview:large, max-video-preview:-1\" \/>\n<link rel=\"canonical\" href=\"https:\/\/www.gladfour.com\/de\/cookie-richtlinie\/\" \/>\n<meta property=\"og:locale\" content=\"de_DE\" \/>\n<meta property=\"og:type\" content=\"article\" \/>\n<meta property=\"og:title\" content=\"Pol\u00edtica de cookies - Gladfour Clean Energy\" \/>\n<meta property=\"og:description\" content=\"Est\u00e1 p\u00e1gina recoge la Pol\u00edtica de Cookies del sitio web de Gladfour Clean Energy, propiedad de la sociedad espa\u00f1ola Gladfour, S.L.\" \/>\n<meta property=\"og:url\" content=\"https:\/\/www.gladfour.com\/de\/cookie-richtlinie\/\" \/>\n<meta property=\"og:site_name\" content=\"Gladfour Clean Energy\" \/>\n<meta property=\"article:modified_time\" content=\"2023-05-24T11:13:51+00:00\" \/>\n<meta name=\"twitter:card\" content=\"summary_large_image\" \/>\n<meta name=\"twitter:label1\" content=\"Gesch\u00e4tzte Lesezeit\" \/>\n\t<meta name=\"twitter:data1\" content=\"4\u00a0Minuten\" \/>\n<script type=\"application\/ld+json\" class=\"yoast-schema-graph\">{\"@context\":\"https:\\\/\\\/schema.org\",\"@graph\":[{\"@type\":\"WebPage\",\"@id\":\"https:\\\/\\\/www.gladfour.com\\\/politica-de-cookies\\\/\",\"url\":\"https:\\\/\\\/www.gladfour.com\\\/politica-de-cookies\\\/\",\"name\":\"Pol\u00edtica de cookies - Gladfour Clean Energy\",\"isPartOf\":{\"@id\":\"https:\\\/\\\/www.gladfour.com\\\/#website\"},\"datePublished\":\"2023-05-24T10:51:20+00:00\",\"dateModified\":\"2023-05-24T11:13:51+00:00\",\"description\":\"Est\u00e1 p\u00e1gina recoge la Pol\u00edtica de Cookies del sitio web de Gladfour Clean Energy, propiedad de la sociedad espa\u00f1ola Gladfour, S.L.\",\"breadcrumb\":{\"@id\":\"https:\\\/\\\/www.gladfour.com\\\/politica-de-cookies\\\/#breadcrumb\"},\"inLanguage\":\"de\",\"potentialAction\":[{\"@type\":\"ReadAction\",\"target\":[\"https:\\\/\\\/www.gladfour.com\\\/politica-de-cookies\\\/\"]}]},{\"@type\":\"BreadcrumbList\",\"@id\":\"https:\\\/\\\/www.gladfour.com\\\/politica-de-cookies\\\/#breadcrumb\",\"itemListElement\":[{\"@type\":\"ListItem\",\"position\":1,\"name\":\"Inicio\",\"item\":\"https:\\\/\\\/www.gladfour.com\\\/\"},{\"@type\":\"ListItem\",\"position\":2,\"name\":\"Pol\u00edtica de cookies\"}]},{\"@type\":\"WebSite\",\"@id\":\"https:\\\/\\\/www.gladfour.com\\\/#website\",\"url\":\"https:\\\/\\\/www.gladfour.com\\\/\",\"name\":\"Gladfour Clean Energy\",\"description\":\"Consultor\u00eda estrat\u00e9gica, financiera y biosanitaria.\",\"publisher\":{\"@id\":\"https:\\\/\\\/www.gladfour.com\\\/#organization\"},\"potentialAction\":[{\"@type\":\"SearchAction\",\"target\":{\"@type\":\"EntryPoint\",\"urlTemplate\":\"https:\\\/\\\/www.gladfour.com\\\/?s={search_term_string}\"},\"query-input\":{\"@type\":\"PropertyValueSpecification\",\"valueRequired\":true,\"valueName\":\"search_term_string\"}}],\"inLanguage\":\"de\"},{\"@type\":\"Organization\",\"@id\":\"https:\\\/\\\/www.gladfour.com\\\/#organization\",\"name\":\"Gladfour Clean Energy\",\"url\":\"https:\\\/\\\/www.gladfour.com\\\/\",\"logo\":{\"@type\":\"ImageObject\",\"inLanguage\":\"de\",\"@id\":\"https:\\\/\\\/www.gladfour.com\\\/#\\\/schema\\\/logo\\\/image\\\/\",\"url\":\"https:\\\/\\\/www.gladfour.com\\\/wp-content\\\/uploads\\\/2023\\\/03\\\/0.1-LOGO-GLADFOUR-2.jpg\",\"contentUrl\":\"https:\\\/\\\/www.gladfour.com\\\/wp-content\\\/uploads\\\/2023\\\/03\\\/0.1-LOGO-GLADFOUR-2.jpg\",\"width\":714,\"height\":196,\"caption\":\"Gladfour Clean Energy\"},\"image\":{\"@id\":\"https:\\\/\\\/www.gladfour.com\\\/#\\\/schema\\\/logo\\\/image\\\/\"}}]}<\/script>\n<!-- \/ Yoast SEO plugin. -->","yoast_head_json":{"title":"Cookie-Richtlinie \u2013 Gladfour Clean Energy","description":"Diese Seite enth\u00e4lt die Cookie-Richtlinie der Gladfour Clean Energy-Website, Eigentum des spanischen Unternehmens Gladfour, SL","robots":{"index":"index","follow":"follow","max-snippet":"max-snippet:-1","max-image-preview":"max-image-preview:large","max-video-preview":"max-video-preview:-1"},"canonical":"https:\/\/www.gladfour.com\/de\/cookie-richtlinie\/","og_locale":"de_DE","og_type":"article","og_title":"Pol\u00edtica de cookies - Gladfour Clean Energy","og_description":"Est\u00e1 p\u00e1gina recoge la Pol\u00edtica de Cookies del sitio web de Gladfour Clean Energy, propiedad de la sociedad espa\u00f1ola Gladfour, S.L.","og_url":"https:\/\/www.gladfour.com\/de\/cookie-richtlinie\/","og_site_name":"Gladfour Clean Energy","article_modified_time":"2023-05-24T11:13:51+00:00","twitter_card":"summary_large_image","twitter_misc":{"Gesch\u00e4tzte Lesezeit":"4\u00a0Minuten"},"schema":{"@context":"https:\/\/schema.org","@graph":[{"@type":"WebPage","@id":"https:\/\/www.gladfour.com\/politica-de-cookies\/","url":"https:\/\/www.gladfour.com\/politica-de-cookies\/","name":"Cookie-Richtlinie \u2013 Gladfour Clean Energy","isPartOf":{"@id":"https:\/\/www.gladfour.com\/#website"},"datePublished":"2023-05-24T10:51:20+00:00","dateModified":"2023-05-24T11:13:51+00:00","description":"Diese Seite enth\u00e4lt die Cookie-Richtlinie der Gladfour Clean Energy-Website, Eigentum des spanischen Unternehmens Gladfour, SL","breadcrumb":{"@id":"https:\/\/www.gladfour.com\/politica-de-cookies\/#breadcrumb"},"inLanguage":"de","potentialAction":[{"@type":"ReadAction","target":["https:\/\/www.gladfour.com\/politica-de-cookies\/"]}]},{"@type":"BreadcrumbList","@id":"https:\/\/www.gladfour.com\/politica-de-cookies\/#breadcrumb","itemListElement":[{"@type":"ListItem","position":1,"name":"Inicio","item":"https:\/\/www.gladfour.com\/"},{"@type":"ListItem","position":2,"name":"Pol\u00edtica de cookies"}]},{"@type":"WebSite","@id":"https:\/\/www.gladfour.com\/#website","url":"https:\/\/www.gladfour.com\/","name":"Gladfour Saubere Energie","description":"Strategische, finanzielle und biosanit\u00e4re Beratung.","publisher":{"@id":"https:\/\/www.gladfour.com\/#organization"},"potentialAction":[{"@type":"SearchAction","target":{"@type":"EntryPoint","urlTemplate":"https:\/\/www.gladfour.com\/?s={search_term_string}"},"query-input":{"@type":"PropertyValueSpecification","valueRequired":true,"valueName":"search_term_string"}}],"inLanguage":"de"},{"@type":"Organization","@id":"https:\/\/www.gladfour.com\/#organization","name":"Gladfour Saubere Energie","url":"https:\/\/www.gladfour.com\/","logo":{"@type":"ImageObject","inLanguage":"de","@id":"https:\/\/www.gladfour.com\/#\/schema\/logo\/image\/","url":"https:\/\/www.gladfour.com\/wp-content\/uploads\/2023\/03\/0.1-LOGO-GLADFOUR-2.jpg","contentUrl":"https:\/\/www.gladfour.com\/wp-content\/uploads\/2023\/03\/0.1-LOGO-GLADFOUR-2.jpg","width":714,"height":196,"caption":"Gladfour Clean Energy"},"image":{"@id":"https:\/\/www.gladfour.com\/#\/schema\/logo\/image\/"}}]}},"_links":{"self":[{"href":"https:\/\/www.gladfour.com\/de\/wp-json\/wp\/v2\/pages\/252","targetHints":{"allow":["GET"]}}],"collection":[{"href":"https:\/\/www.gladfour.com\/de\/wp-json\/wp\/v2\/pages"}],"about":[{"href":"https:\/\/www.gladfour.com\/de\/wp-json\/wp\/v2\/types\/page"}],"author":[{"embeddable":true,"href":"https:\/\/www.gladfour.com\/de\/wp-json\/wp\/v2\/users\/1"}],"replies":[{"embeddable":true,"href":"https:\/\/www.gladfour.com\/de\/wp-json\/wp\/v2\/comments?post=252"}],"version-history":[{"count":0,"href":"https:\/\/www.gladfour.com\/de\/wp-json\/wp\/v2\/pages\/252\/revisions"}],"wp:attachment":[{"href":"https:\/\/www.gladfour.com\/de\/wp-json\/wp\/v2\/media?parent=252"}],"wp:term":[{"taxonomy":"category","embeddable":true,"href":"https:\/\/www.gladfour.com\/de\/wp-json\/wp\/v2\/categories?post=252"},{"taxonomy":"post_tag","embeddable":true,"href":"https:\/\/www.gladfour.com\/de\/wp-json\/wp\/v2\/tags?post=252"}],"curies":[{"name":"wp","href":"https:\/\/api.w.org\/{rel}","templated":true}]}}