{"id":280,"date":"2023-05-24T13:07:14","date_gmt":"2023-05-24T13:07:14","guid":{"rendered":"https:\/\/dev.gladfour.com\/?page_id=280"},"modified":"2023-05-24T13:07:17","modified_gmt":"2023-05-24T13:07:17","slug":"ayuda","status":"publish","type":"page","link":"https:\/\/www.gladfour.com\/de\/hilfe\/","title":{"rendered":"Hilfe"},"content":{"rendered":"<p>Diese Seite enth\u00e4lt Informationen, die Ihnen helfen, das Beste aus dieser Website herauszuholen.<\/p>\n\n\n\n<p>Wir haben die Website gestaltet <strong>Gladfour Saubere Energie<\/strong> um die Verwendung so weit wie m\u00f6glich zu vereinfachen. Einige Funktionen, wie z. B. Multimedia-Inhalte, sind jedoch m\u00f6glicherweise neu f\u00fcr Sie. Diese Seite enth\u00e4lt Informationen, die Ihnen bei diesen Funktionen helfen und Ihnen helfen, das Beste aus dieser Website herauszuholen.<\/p>\n\n\n\n<ul class=\"wp-block-list\">\n<li><a href=\"#requisitos\">Anforderungen an die Website<\/a><\/li>\n\n\n\n<li><a href=\"#pdf\">PDF-Dokumente<\/a><\/li>\n\n\n\n<li><a href=\"#buscar\">Suchen<\/a><\/li>\n<\/ul>\n\n\n\n<p id=\"requisitos\"><strong>Anforderungen an die Website<\/strong><\/p>\n\n\n\n<p>Um Mediendateien auf der Gladfour-Website anzuzeigen, ist die folgende Software erforderlich:<\/p>\n\n\n\n<p><em>Browser<\/em> Netz<\/p>\n\n\n\n<p>Wir empfehlen die Verwendung eines aktuellen Browsers, wie zum Beispiel:<\/p>\n\n\n\n<ul class=\"wp-block-list\">\n<li>Microsoft Edge<\/li>\n\n\n\n<li>Mozilla Firefox<\/li>\n\n\n\n<li>Google Chrome<\/li>\n\n\n\n<li>Safari<\/li>\n<\/ul>\n\n\n\n<p><em>PDF-Dokumente<\/em><\/p>\n\n\n\n<p>Um PDF-Dokumente lesen zu k\u00f6nnen, ben\u00f6tigen Sie m\u00f6glicherweise das kostenlose Programm&nbsp;<a href=\"http:\/\/get.adobe.com\/reader\" target=\"_blank\" rel=\"noreferrer noopener\">Adobe Reader<\/a>.<\/p>\n\n\n\n<p id=\"pdf\"><strong><a><\/a>PDF-Dokumente<\/strong><\/p>\n\n\n\n<p>Auf der Gladfour-Website sind viele PDF-Dokumente verf\u00fcgbar. Sie enthalten mehr Informationen, als im Allgemeinen auf eine Webseite passen, und haben den Vorteil, dass sie f\u00fcr ein einfaches Drucken formatiert sind.<\/p>\n\n\n\n<p><em>Was sind PDF-Dateien?<\/em><\/p>\n\n\n\n<p>PDF-Dateien (Portable Document Format) erm\u00f6glichen das Lesen und Teilen von Dokumenten in verschiedenen Arten von Anwendungen und Computersystemen. Sie eignen sich viel besser f\u00fcr l\u00e4ngere Dokumente als eine Webseite und haben den zus\u00e4tzlichen Vorteil, dass sie einfach zu drucken sind. Das PDF-Format wurde von Adobe erstellt. Um Dokumente in diesem Format lesen zu k\u00f6nnen, m\u00fcssen Sie das Programm Adobe Reader installieren. Es ist kostenlos, l\u00e4sst sich schnell herunterladen und ist einfach zu installieren.<\/p>\n\n\n\n<p><em>Wie erhalte ich den Adobe Reader?<\/em><\/p>\n\n\n\n<p><a href=\"http:\/\/get.adobe.com\/reader\" target=\"_blank\" rel=\"noreferrer noopener nofollow\">Laden Sie Adobe Reader herunter<\/a><\/p>\n\n\n\n<p>Bevor Sie mit der Installation beginnen, empfehlen wir, den Webbrowser zu schlie\u00dfen, da Adobe Reader m\u00f6glicherweise darin integriert ist und der Vorgang m\u00f6glicherweise nicht erfolgreich ist, wenn er ge\u00f6ffnet ist. Befolgen Sie die Installationsanweisungen, bis der Vorgang abgeschlossen ist.<\/p>\n\n\n\n<p><em>Wie hole ich das Beste aus PDF-Dokumenten heraus?<\/em><\/p>\n\n\n\n<p>Mithilfe der Symbole in der Adobe Reader-Taskleiste k\u00f6nnen Sie kleine Texte und Bilder vergr\u00f6\u00dfern. Sie k\u00f6nnen sich auf der Seite bewegen, um verschiedene Teile der Seite zu untersuchen. Sie k\u00f6nnen auch auf das Drucksymbol klicken, um das Dokument an den Netzwerkdrucker zu senden. Die meisten PDF-Dokumente sind f\u00fcr den Druck optimiert, sodass sie problemlos von der Gladfour-Website auf Papier \u00fcbertragen werden k\u00f6nnen, damit Sie sie in Ruhe lesen k\u00f6nnen. Wenn Sie au\u00dferdem das Speichersymbol verwenden, k\u00f6nnen Sie das Dokument auf Ihrem Computer speichern, um es jederzeit zu lesen oder auszudrucken, ohne die Webseite erneut aufrufen zu m\u00fcssen, auf der Sie den urspr\u00fcnglichen Link gefunden haben.<\/p>\n\n\n\n<p id=\"buscar\"><strong><a><\/a>Suchen&nbsp;<\/strong><\/p>\n\n\n\n<p>Die Gladfour Clean Energy-Website wird st\u00e4ndig um neue Inhalte erweitert. Die wichtigsten Informationen sind auf unseren Seiten hervorgehoben. \u00dcber die Suchfunktion l\u00e4sst sich aber auch noch viel weiteres Material finden.<\/p>\n\n\n\n<p><em>Wie werden Informationen auf der Gladfour-Website verbreitet?<\/em><\/p>\n\n\n\n<p>El sitio web se divide en secciones, cada una conectada a\u00a0\u00e1reas espec\u00edficas de nuestro negocio. Las secciones son \u201cConsultor\u00eda\u201d, \u201cOrganizaci\u00f3n de eventos\u201d, \u201cEnerg\u00edas renovables\u201d, \u201cSectores\u201d y \u00abServicios\u00bb.\u00a0A su vez, la informaci\u00f3n se clasifica dentro de estas secciones. Por ejemplo,\u00a0en \u201cConsultor\u00eda\u201d encontrar\u00e1 \u201cGesti\u00f3n estrat\u00e9gica\u201d, \u201cBiosanitaria\u201d y \u201cFinanciera\u201d. Al navegar\u00a0por estas diversas partes del sitio web, encontrar\u00e1 informaci\u00f3n de \u201calto\u00a0nivel\u201d, es decir, el material que consideramos m\u00e1s importante y oportuno.<\/p>\n\n\n\n<p><em>Wie suche ich nach bestimmten Informationen?<\/em><\/p>\n\n\n\n<p>Die Gladfour-Website verf\u00fcgt \u00fcber eine integrierte Suchmaschine. In der oberen rechten Ecke jeder Seite finden Sie ein Suchfeld. Geben Sie die Schl\u00fcsselw\u00f6rter ein und klicken Sie auf die Schaltfl\u00e4che, um die Suche durchzuf\u00fchren. Wenn Sie nach einer bestimmten Phrase suchen, setzen Sie diese in Anf\u00fchrungszeichen. Wenn Sie beispielsweise strukturierte Finanzderivate eingeben, sucht die Suchmaschine nach Dokumenten, die eines dieser W\u00f6rter an einer beliebigen Stelle im Text enthalten. Wenn Sie jedoch \u201estrukturierte Finanzderivate\u201c (in Anf\u00fchrungszeichen) eingeben, sucht die Suchmaschine nur nach Dokumenten, die die drei W\u00f6rter in dieser Reihenfolge enthalten.<\/p>\n\n\n\n<p><em>Wie w\u00e4hle ich Suchbegriffe aus?<\/em><\/p>\n\n\n\n<p>W\u00e4hlen Sie die W\u00f6rter aus, die f\u00fcr das gesuchte Thema am relevantesten sind. Versuchen Sie, so genau wie m\u00f6glich zu sein und verwenden Sie, wenn m\u00f6glich, mehr als ein Wort. Da Suchmaschinen die Gro\u00df-\/Kleinschreibung nicht ber\u00fccksichtigen, ist die Eingabe beispielsweise bei Eigennamen nicht erforderlich; Die Ergebnisse sind unabh\u00e4ngig davon, ob Sie Gro\u00df- oder Kleinschreibung verwenden. Gebr\u00e4uchliche W\u00f6rter wie \u201eund\u201c, \u201ewo\u201c, \u201ewie\u201c und \u201ewenn\u201c werden ebenfalls \u00fcbersehen. Daher m\u00fcssen Sie statt \u201eWie finde ich die neuesten Nachrichten zur europ\u00e4ischen Steuergesetzgebung\u201c nur \u201eNeueste europ\u00e4ische Steuergesetzgebung\u201c schreiben. Da die Suchergebnisse au\u00dferdem so sortiert sind, dass das aktuellste Material zuerst angezeigt wird, erhalten Sie wahrscheinlich das gleiche Ergebnis, wenn Sie einfach \u201eEurop\u00e4isches Steuerrecht\u201c in das Suchfeld eingeben.<\/p>","protected":false},"excerpt":{"rendered":"<p>Esta p\u00e1gina contiene informaci\u00f3n para ayudarle a que aproveche al m\u00e1ximo este sitio web. Hemos dise\u00f1ado el sitio web de Gladfour Clean Energy para simplificar su uso\u00a0en la medida de lo posible. Sin embargo, es posible que algunas funciones, como\u00a0el contenido multimedia, sean nuevas para usted. Esta p\u00e1gina contiene\u00a0informaci\u00f3n para ayudarle con esas funciones y [&hellip;]<\/p>\n","protected":false},"author":1,"featured_media":0,"parent":0,"menu_order":0,"comment_status":"closed","ping_status":"closed","template":"","meta":{"footnotes":""},"categories":[11],"tags":[21],"class_list":["post-280","page","type-page","status-publish","hentry","category-legal","tag-page-content"],"yoast_head":"<!-- This site is optimized with the Yoast SEO plugin v27.4 - https:\/\/yoast.com\/product\/yoast-seo-wordpress\/ -->\n<title>Ayuda - Gladfour Clean Energy<\/title>\n<meta name=\"description\" content=\"Esta p\u00e1gina contiene informaci\u00f3n para ayudarle a que aproveche al m\u00e1ximo el sitio web de Gladfour Clean Energy.\" \/>\n<meta name=\"robots\" content=\"index, follow, max-snippet:-1, max-image-preview:large, max-video-preview:-1\" \/>\n<link rel=\"canonical\" href=\"https:\/\/www.gladfour.com\/de\/hilfe\/\" \/>\n<meta property=\"og:locale\" content=\"de_DE\" \/>\n<meta property=\"og:type\" content=\"article\" \/>\n<meta property=\"og:title\" content=\"Ayuda - Gladfour Clean Energy\" \/>\n<meta property=\"og:description\" content=\"Esta p\u00e1gina contiene informaci\u00f3n para ayudarle a que aproveche al m\u00e1ximo el sitio web de Gladfour Clean Energy.\" \/>\n<meta property=\"og:url\" content=\"https:\/\/www.gladfour.com\/de\/hilfe\/\" \/>\n<meta property=\"og:site_name\" content=\"Gladfour Clean Energy\" \/>\n<meta property=\"article:modified_time\" content=\"2023-05-24T13:07:17+00:00\" \/>\n<meta name=\"twitter:card\" content=\"summary_large_image\" \/>\n<meta name=\"twitter:label1\" content=\"Gesch\u00e4tzte Lesezeit\" \/>\n\t<meta name=\"twitter:data1\" content=\"4\u00a0Minuten\" \/>\n<script type=\"application\/ld+json\" class=\"yoast-schema-graph\">{\"@context\":\"https:\\\/\\\/schema.org\",\"@graph\":[{\"@type\":\"WebPage\",\"@id\":\"https:\\\/\\\/www.gladfour.com\\\/ayuda\\\/\",\"url\":\"https:\\\/\\\/www.gladfour.com\\\/ayuda\\\/\",\"name\":\"Ayuda - Gladfour Clean Energy\",\"isPartOf\":{\"@id\":\"https:\\\/\\\/www.gladfour.com\\\/#website\"},\"datePublished\":\"2023-05-24T13:07:14+00:00\",\"dateModified\":\"2023-05-24T13:07:17+00:00\",\"description\":\"Esta p\u00e1gina contiene informaci\u00f3n para ayudarle a que aproveche al m\u00e1ximo el sitio web de Gladfour Clean Energy.\",\"breadcrumb\":{\"@id\":\"https:\\\/\\\/www.gladfour.com\\\/ayuda\\\/#breadcrumb\"},\"inLanguage\":\"de\",\"potentialAction\":[{\"@type\":\"ReadAction\",\"target\":[\"https:\\\/\\\/www.gladfour.com\\\/ayuda\\\/\"]}]},{\"@type\":\"BreadcrumbList\",\"@id\":\"https:\\\/\\\/www.gladfour.com\\\/ayuda\\\/#breadcrumb\",\"itemListElement\":[{\"@type\":\"ListItem\",\"position\":1,\"name\":\"Inicio\",\"item\":\"https:\\\/\\\/www.gladfour.com\\\/\"},{\"@type\":\"ListItem\",\"position\":2,\"name\":\"Ayuda\"}]},{\"@type\":\"WebSite\",\"@id\":\"https:\\\/\\\/www.gladfour.com\\\/#website\",\"url\":\"https:\\\/\\\/www.gladfour.com\\\/\",\"name\":\"Gladfour Clean Energy\",\"description\":\"Consultor\u00eda estrat\u00e9gica, financiera y biosanitaria.\",\"publisher\":{\"@id\":\"https:\\\/\\\/www.gladfour.com\\\/#organization\"},\"potentialAction\":[{\"@type\":\"SearchAction\",\"target\":{\"@type\":\"EntryPoint\",\"urlTemplate\":\"https:\\\/\\\/www.gladfour.com\\\/?s={search_term_string}\"},\"query-input\":{\"@type\":\"PropertyValueSpecification\",\"valueRequired\":true,\"valueName\":\"search_term_string\"}}],\"inLanguage\":\"de\"},{\"@type\":\"Organization\",\"@id\":\"https:\\\/\\\/www.gladfour.com\\\/#organization\",\"name\":\"Gladfour Clean Energy\",\"url\":\"https:\\\/\\\/www.gladfour.com\\\/\",\"logo\":{\"@type\":\"ImageObject\",\"inLanguage\":\"de\",\"@id\":\"https:\\\/\\\/www.gladfour.com\\\/#\\\/schema\\\/logo\\\/image\\\/\",\"url\":\"https:\\\/\\\/www.gladfour.com\\\/wp-content\\\/uploads\\\/2023\\\/03\\\/0.1-LOGO-GLADFOUR-2.jpg\",\"contentUrl\":\"https:\\\/\\\/www.gladfour.com\\\/wp-content\\\/uploads\\\/2023\\\/03\\\/0.1-LOGO-GLADFOUR-2.jpg\",\"width\":714,\"height\":196,\"caption\":\"Gladfour Clean Energy\"},\"image\":{\"@id\":\"https:\\\/\\\/www.gladfour.com\\\/#\\\/schema\\\/logo\\\/image\\\/\"}}]}<\/script>\n<!-- \/ Yoast SEO plugin. -->","yoast_head_json":{"title":"Hilfe - Gladfour Clean Energy","description":"Diese Seite enth\u00e4lt Informationen, die Ihnen helfen sollen, die Gladfour Clean Energy-Website optimal zu nutzen.","robots":{"index":"index","follow":"follow","max-snippet":"max-snippet:-1","max-image-preview":"max-image-preview:large","max-video-preview":"max-video-preview:-1"},"canonical":"https:\/\/www.gladfour.com\/de\/hilfe\/","og_locale":"de_DE","og_type":"article","og_title":"Ayuda - Gladfour Clean Energy","og_description":"Esta p\u00e1gina contiene informaci\u00f3n para ayudarle a que aproveche al m\u00e1ximo el sitio web de Gladfour Clean Energy.","og_url":"https:\/\/www.gladfour.com\/de\/hilfe\/","og_site_name":"Gladfour Clean Energy","article_modified_time":"2023-05-24T13:07:17+00:00","twitter_card":"summary_large_image","twitter_misc":{"Gesch\u00e4tzte Lesezeit":"4\u00a0Minuten"},"schema":{"@context":"https:\/\/schema.org","@graph":[{"@type":"WebPage","@id":"https:\/\/www.gladfour.com\/ayuda\/","url":"https:\/\/www.gladfour.com\/ayuda\/","name":"Hilfe - Gladfour Clean Energy","isPartOf":{"@id":"https:\/\/www.gladfour.com\/#website"},"datePublished":"2023-05-24T13:07:14+00:00","dateModified":"2023-05-24T13:07:17+00:00","description":"Diese Seite enth\u00e4lt Informationen, die Ihnen helfen sollen, die Gladfour Clean Energy-Website optimal zu nutzen.","breadcrumb":{"@id":"https:\/\/www.gladfour.com\/ayuda\/#breadcrumb"},"inLanguage":"de","potentialAction":[{"@type":"ReadAction","target":["https:\/\/www.gladfour.com\/ayuda\/"]}]},{"@type":"BreadcrumbList","@id":"https:\/\/www.gladfour.com\/ayuda\/#breadcrumb","itemListElement":[{"@type":"ListItem","position":1,"name":"Inicio","item":"https:\/\/www.gladfour.com\/"},{"@type":"ListItem","position":2,"name":"Ayuda"}]},{"@type":"WebSite","@id":"https:\/\/www.gladfour.com\/#website","url":"https:\/\/www.gladfour.com\/","name":"Gladfour Saubere Energie","description":"Strategische, finanzielle und biosanit\u00e4re Beratung.","publisher":{"@id":"https:\/\/www.gladfour.com\/#organization"},"potentialAction":[{"@type":"SearchAction","target":{"@type":"EntryPoint","urlTemplate":"https:\/\/www.gladfour.com\/?s={search_term_string}"},"query-input":{"@type":"PropertyValueSpecification","valueRequired":true,"valueName":"search_term_string"}}],"inLanguage":"de"},{"@type":"Organization","@id":"https:\/\/www.gladfour.com\/#organization","name":"Gladfour Saubere Energie","url":"https:\/\/www.gladfour.com\/","logo":{"@type":"ImageObject","inLanguage":"de","@id":"https:\/\/www.gladfour.com\/#\/schema\/logo\/image\/","url":"https:\/\/www.gladfour.com\/wp-content\/uploads\/2023\/03\/0.1-LOGO-GLADFOUR-2.jpg","contentUrl":"https:\/\/www.gladfour.com\/wp-content\/uploads\/2023\/03\/0.1-LOGO-GLADFOUR-2.jpg","width":714,"height":196,"caption":"Gladfour Clean Energy"},"image":{"@id":"https:\/\/www.gladfour.com\/#\/schema\/logo\/image\/"}}]}},"_links":{"self":[{"href":"https:\/\/www.gladfour.com\/de\/wp-json\/wp\/v2\/pages\/280","targetHints":{"allow":["GET"]}}],"collection":[{"href":"https:\/\/www.gladfour.com\/de\/wp-json\/wp\/v2\/pages"}],"about":[{"href":"https:\/\/www.gladfour.com\/de\/wp-json\/wp\/v2\/types\/page"}],"author":[{"embeddable":true,"href":"https:\/\/www.gladfour.com\/de\/wp-json\/wp\/v2\/users\/1"}],"replies":[{"embeddable":true,"href":"https:\/\/www.gladfour.com\/de\/wp-json\/wp\/v2\/comments?post=280"}],"version-history":[{"count":0,"href":"https:\/\/www.gladfour.com\/de\/wp-json\/wp\/v2\/pages\/280\/revisions"}],"wp:attachment":[{"href":"https:\/\/www.gladfour.com\/de\/wp-json\/wp\/v2\/media?parent=280"}],"wp:term":[{"taxonomy":"category","embeddable":true,"href":"https:\/\/www.gladfour.com\/de\/wp-json\/wp\/v2\/categories?post=280"},{"taxonomy":"post_tag","embeddable":true,"href":"https:\/\/www.gladfour.com\/de\/wp-json\/wp\/v2\/tags?post=280"}],"curies":[{"name":"wp","href":"https:\/\/api.w.org\/{rel}","templated":true}]}}