{"id":284,"date":"2023-05-24T13:11:02","date_gmt":"2023-05-24T13:11:02","guid":{"rendered":"https:\/\/dev.gladfour.com\/?page_id=284"},"modified":"2023-05-24T13:11:56","modified_gmt":"2023-05-24T13:11:56","slug":"mapa-del-sitio","status":"publish","type":"page","link":"https:\/\/www.gladfour.com\/de\/seitenverzeichnis\/","title":{"rendered":"Seitenverzeichnis"},"content":{"rendered":"<div data-elementor-type=\"wp-page\" data-elementor-id=\"284\" class=\"elementor elementor-284\" data-elementor-post-type=\"page\">\n\t\t\t\t\t\t<section data-particle_enable=\"false\" data-particle-mobile-disabled=\"false\" class=\"elementor-section elementor-top-section elementor-element elementor-element-1d3451b elementor-section-boxed elementor-section-height-default elementor-section-height-default\" data-id=\"1d3451b\" data-element_type=\"section\" data-e-type=\"section\">\n\t\t\t\t\t\t<div class=\"elementor-container elementor-column-gap-default\">\n\t\t\t\t\t<div class=\"elementor-column elementor-col-100 elementor-top-column elementor-element elementor-element-73d1b05\" data-id=\"73d1b05\" data-element_type=\"column\" data-e-type=\"column\">\n\t\t\t<div class=\"elementor-widget-wrap elementor-element-populated\">\n\t\t\t\t\t\t<div class=\"elementor-element elementor-element-97d4cea elementor-widget elementor-widget-sitemap\" data-id=\"97d4cea\" data-element_type=\"widget\" data-e-type=\"widget\" data-widget_type=\"sitemap.default\">\n\t\t\t\t<div class=\"elementor-widget-container\">\n\t\t\t\t\t<div class=\"elementor-sitemap-wrap\"><div class=\"elementor-sitemap-section\"><h2 class=\"elementor-sitemap-title elementor-sitemap-page-title\">Seiten<\/h2><ul class=\"elementor-sitemap-list elementor-sitemap-page-list\"><li class=\"elementor-sitemap-item elementor-sitemap-item-page page_item page-item-364\"><a href=\"https:\/\/www.gladfour.com\/de\/uber-uns\/\">Sobre nosotros y nuestros servicios de consultor\u00eda<\/a><\/li><li class=\"elementor-sitemap-item elementor-sitemap-item-page page_item page-item-650\"><a href=\"https:\/\/www.gladfour.com\/de\/kontakt\/\">Kontakt<\/a><\/li><li class=\"elementor-sitemap-item elementor-sitemap-item-page page_item page-item-568\"><a href=\"https:\/\/www.gladfour.com\/de\/uber-uns\/\">Beratung<\/a><\/li><li class=\"elementor-sitemap-item elementor-sitemap-item-page page_item page-item-347 current_page_parent\"><a href=\"https:\/\/www.gladfour.com\/de\/blog\/\">Blog<\/a><\/li><li class=\"elementor-sitemap-item elementor-sitemap-item-page page_item page-item-284\"><a href=\"https:\/\/www.gladfour.com\/de\/seitenverzeichnis\/\">Seitenverzeichnis<\/a><\/li><li class=\"elementor-sitemap-item elementor-sitemap-item-page page_item page-item-280\"><a href=\"https:\/\/www.gladfour.com\/de\/hilfe\/\">Hilfe<\/a><\/li><li class=\"elementor-sitemap-item elementor-sitemap-item-page page_item page-item-252\"><a href=\"https:\/\/www.gladfour.com\/de\/cookie-richtlinie\/\">Cookie-Richtlinie<\/a><\/li><li class=\"elementor-sitemap-item elementor-sitemap-item-page page_item page-item-248\"><a href=\"https:\/\/www.gladfour.com\/de\/rechtliche-warnung\/\">Rechtliche Warnung<\/a><\/li><li class=\"elementor-sitemap-item elementor-sitemap-item-page page_item page-item-278\"><a href=\"https:\/\/www.gladfour.com\/de\/barrierefreiheit\/\">Erkl\u00e4rung zur Barrierefreiheit<\/a><\/li><li class=\"elementor-sitemap-item elementor-sitemap-item-page page_item page-item-611\"><a href=\"https:\/\/www.gladfour.com\/de\/veranstaltungen\/\">Event Organisation<\/a><\/li><li class=\"elementor-sitemap-item elementor-sitemap-item-page page_item page-item-419\"><a href=\"https:\/\/www.gladfour.com\/de\/erneuerbare-energie\/\">Erneuerbare Energie<\/a><\/li><li class=\"elementor-sitemap-item elementor-sitemap-item-page page_item page-item-10\"><a href=\"https:\/\/www.gladfour.com\/de\/\">Gladfour Saubere Energie<\/a><\/li><li class=\"elementor-sitemap-item elementor-sitemap-item-page page_item page-item-3\"><a href=\"https:\/\/www.gladfour.com\/de\/datenschutzrichtlinie\/\">Datenschutzrichtlinie<\/a><\/li><\/ul><\/div><div class=\"elementor-sitemap-section\"><h2 class=\"elementor-sitemap-title elementor-sitemap-category-title\">Kategorien<\/h2><ul class=\"elementor-sitemap-list elementor-sitemap-category-list\">\t<li class=\"elementor-sitemap-item elementor-sitemap-item-category cat-item cat-item-16\"><a href=\"https:\/\/www.gladfour.com\/de\/category\/veranstaltungen\/viajes\/\">Reisen<\/a>\n<\/li>\n\t<li class=\"elementor-sitemap-item elementor-sitemap-item-category cat-item cat-item-11\"><a href=\"https:\/\/www.gladfour.com\/de\/category\/legal\/\">Legal<\/a>\n<\/li>\n\t<li class=\"elementor-sitemap-item elementor-sitemap-item-category cat-item cat-item-26\"><a href=\"https:\/\/www.gladfour.com\/de\/category\/consultoria\/inmobiliaria\/\">Immobilie<\/a>\n<\/li>\n\t<li class=\"elementor-sitemap-item elementor-sitemap-item-category cat-item cat-item-17\"><a href=\"https:\/\/www.gladfour.com\/de\/category\/consultoria\/gestion-estrategica\/\">Strategisches Management<\/a>\n<\/li>\n\t<li class=\"elementor-sitemap-item elementor-sitemap-item-category cat-item cat-item-1\"><a href=\"https:\/\/www.gladfour.com\/de\/category\/general\/\">General<\/a>\n<\/li>\n\t<li class=\"elementor-sitemap-item elementor-sitemap-item-category cat-item cat-item-13\"><a href=\"https:\/\/www.gladfour.com\/de\/category\/veranstaltungen\/\">Veranstaltungen<\/a>\n<\/li>\n\t<li class=\"elementor-sitemap-item elementor-sitemap-item-category cat-item cat-item-27\"><a href=\"https:\/\/www.gladfour.com\/de\/category\/erneuerbare-energie\/\">Erneuerbare Energie<\/a>\n<\/li>\n\t<li class=\"elementor-sitemap-item elementor-sitemap-item-category cat-item cat-item-12\"><a href=\"https:\/\/www.gladfour.com\/de\/category\/consultoria\/\">Beratung<\/a>\n<\/li>\n<\/ul><\/div><\/div>\t\t\t\t<\/div>\n\t\t\t\t<\/div>\n\t\t\t\t\t<\/div>\n\t\t<\/div>\n\t\t\t\t\t<\/div>\n\t\t<\/section>\n\t\t\t\t<\/div>","protected":false},"excerpt":{"rendered":"","protected":false},"author":1,"featured_media":0,"parent":0,"menu_order":0,"comment_status":"closed","ping_status":"closed","template":"","meta":{"footnotes":""},"categories":[1],"tags":[21],"class_list":["post-284","page","type-page","status-publish","hentry","category-general","tag-page-content"],"yoast_head":"<!-- This site is optimized with the Yoast SEO plugin v27.4 - https:\/\/yoast.com\/product\/yoast-seo-wordpress\/ -->\n<title>Mapa del sitio - Gladfour Clean Energy<\/title>\n<meta name=\"description\" content=\"En esta p\u00e1gina encontrar\u00e1 el mapa del sitio web de Gladfour Clean Energy, propiedad de la sociedad espa\u00f1ola Gladfour, S.L.\" \/>\n<meta name=\"robots\" content=\"index, follow, max-snippet:-1, max-image-preview:large, max-video-preview:-1\" \/>\n<link rel=\"canonical\" href=\"https:\/\/www.gladfour.com\/de\/seitenverzeichnis\/\" \/>\n<meta property=\"og:locale\" content=\"de_DE\" \/>\n<meta property=\"og:type\" content=\"article\" \/>\n<meta property=\"og:title\" content=\"Mapa del sitio - Gladfour Clean Energy\" \/>\n<meta property=\"og:description\" content=\"En esta p\u00e1gina encontrar\u00e1 el mapa del sitio web de Gladfour Clean Energy, propiedad de la sociedad espa\u00f1ola Gladfour, S.L.\" \/>\n<meta property=\"og:url\" content=\"https:\/\/www.gladfour.com\/de\/seitenverzeichnis\/\" \/>\n<meta property=\"og:site_name\" content=\"Gladfour Clean Energy\" \/>\n<meta property=\"article:modified_time\" content=\"2023-05-24T13:11:56+00:00\" \/>\n<meta name=\"twitter:card\" content=\"summary_large_image\" \/>\n<script type=\"application\/ld+json\" class=\"yoast-schema-graph\">{\"@context\":\"https:\\\/\\\/schema.org\",\"@graph\":[{\"@type\":\"WebPage\",\"@id\":\"https:\\\/\\\/www.gladfour.com\\\/mapa-del-sitio\\\/\",\"url\":\"https:\\\/\\\/www.gladfour.com\\\/mapa-del-sitio\\\/\",\"name\":\"Mapa del sitio - Gladfour Clean Energy\",\"isPartOf\":{\"@id\":\"https:\\\/\\\/www.gladfour.com\\\/#website\"},\"datePublished\":\"2023-05-24T13:11:02+00:00\",\"dateModified\":\"2023-05-24T13:11:56+00:00\",\"description\":\"En esta p\u00e1gina encontrar\u00e1 el mapa del sitio web de Gladfour Clean Energy, propiedad de la sociedad espa\u00f1ola Gladfour, S.L.\",\"breadcrumb\":{\"@id\":\"https:\\\/\\\/www.gladfour.com\\\/mapa-del-sitio\\\/#breadcrumb\"},\"inLanguage\":\"de\",\"potentialAction\":[{\"@type\":\"ReadAction\",\"target\":[\"https:\\\/\\\/www.gladfour.com\\\/mapa-del-sitio\\\/\"]}]},{\"@type\":\"BreadcrumbList\",\"@id\":\"https:\\\/\\\/www.gladfour.com\\\/mapa-del-sitio\\\/#breadcrumb\",\"itemListElement\":[{\"@type\":\"ListItem\",\"position\":1,\"name\":\"Inicio\",\"item\":\"https:\\\/\\\/www.gladfour.com\\\/\"},{\"@type\":\"ListItem\",\"position\":2,\"name\":\"Mapa del sitio\"}]},{\"@type\":\"WebSite\",\"@id\":\"https:\\\/\\\/www.gladfour.com\\\/#website\",\"url\":\"https:\\\/\\\/www.gladfour.com\\\/\",\"name\":\"Gladfour Clean Energy\",\"description\":\"Consultor\u00eda estrat\u00e9gica, financiera y biosanitaria.\",\"publisher\":{\"@id\":\"https:\\\/\\\/www.gladfour.com\\\/#organization\"},\"potentialAction\":[{\"@type\":\"SearchAction\",\"target\":{\"@type\":\"EntryPoint\",\"urlTemplate\":\"https:\\\/\\\/www.gladfour.com\\\/?s={search_term_string}\"},\"query-input\":{\"@type\":\"PropertyValueSpecification\",\"valueRequired\":true,\"valueName\":\"search_term_string\"}}],\"inLanguage\":\"de\"},{\"@type\":\"Organization\",\"@id\":\"https:\\\/\\\/www.gladfour.com\\\/#organization\",\"name\":\"Gladfour Clean Energy\",\"url\":\"https:\\\/\\\/www.gladfour.com\\\/\",\"logo\":{\"@type\":\"ImageObject\",\"inLanguage\":\"de\",\"@id\":\"https:\\\/\\\/www.gladfour.com\\\/#\\\/schema\\\/logo\\\/image\\\/\",\"url\":\"https:\\\/\\\/www.gladfour.com\\\/wp-content\\\/uploads\\\/2023\\\/03\\\/0.1-LOGO-GLADFOUR-2.jpg\",\"contentUrl\":\"https:\\\/\\\/www.gladfour.com\\\/wp-content\\\/uploads\\\/2023\\\/03\\\/0.1-LOGO-GLADFOUR-2.jpg\",\"width\":714,\"height\":196,\"caption\":\"Gladfour Clean Energy\"},\"image\":{\"@id\":\"https:\\\/\\\/www.gladfour.com\\\/#\\\/schema\\\/logo\\\/image\\\/\"}}]}<\/script>\n<!-- \/ Yoast SEO plugin. -->","yoast_head_json":{"title":"Sitemap - Gladfour Clean Energy","description":"Auf dieser Seite finden Sie die Karte der Gladfour Clean Energy-Website, Eigentum des spanischen Unternehmens Gladfour, SL","robots":{"index":"index","follow":"follow","max-snippet":"max-snippet:-1","max-image-preview":"max-image-preview:large","max-video-preview":"max-video-preview:-1"},"canonical":"https:\/\/www.gladfour.com\/de\/seitenverzeichnis\/","og_locale":"de_DE","og_type":"article","og_title":"Mapa del sitio - Gladfour Clean Energy","og_description":"En esta p\u00e1gina encontrar\u00e1 el mapa del sitio web de Gladfour Clean Energy, propiedad de la sociedad espa\u00f1ola Gladfour, S.L.","og_url":"https:\/\/www.gladfour.com\/de\/seitenverzeichnis\/","og_site_name":"Gladfour Clean Energy","article_modified_time":"2023-05-24T13:11:56+00:00","twitter_card":"summary_large_image","schema":{"@context":"https:\/\/schema.org","@graph":[{"@type":"WebPage","@id":"https:\/\/www.gladfour.com\/mapa-del-sitio\/","url":"https:\/\/www.gladfour.com\/mapa-del-sitio\/","name":"Sitemap - Gladfour Clean Energy","isPartOf":{"@id":"https:\/\/www.gladfour.com\/#website"},"datePublished":"2023-05-24T13:11:02+00:00","dateModified":"2023-05-24T13:11:56+00:00","description":"Auf dieser Seite finden Sie die Karte der Gladfour Clean Energy-Website, Eigentum des spanischen Unternehmens Gladfour, SL","breadcrumb":{"@id":"https:\/\/www.gladfour.com\/mapa-del-sitio\/#breadcrumb"},"inLanguage":"de","potentialAction":[{"@type":"ReadAction","target":["https:\/\/www.gladfour.com\/mapa-del-sitio\/"]}]},{"@type":"BreadcrumbList","@id":"https:\/\/www.gladfour.com\/mapa-del-sitio\/#breadcrumb","itemListElement":[{"@type":"ListItem","position":1,"name":"Inicio","item":"https:\/\/www.gladfour.com\/"},{"@type":"ListItem","position":2,"name":"Mapa del sitio"}]},{"@type":"WebSite","@id":"https:\/\/www.gladfour.com\/#website","url":"https:\/\/www.gladfour.com\/","name":"Gladfour Saubere Energie","description":"Strategische, finanzielle und biosanit\u00e4re Beratung.","publisher":{"@id":"https:\/\/www.gladfour.com\/#organization"},"potentialAction":[{"@type":"SearchAction","target":{"@type":"EntryPoint","urlTemplate":"https:\/\/www.gladfour.com\/?s={search_term_string}"},"query-input":{"@type":"PropertyValueSpecification","valueRequired":true,"valueName":"search_term_string"}}],"inLanguage":"de"},{"@type":"Organization","@id":"https:\/\/www.gladfour.com\/#organization","name":"Gladfour Saubere Energie","url":"https:\/\/www.gladfour.com\/","logo":{"@type":"ImageObject","inLanguage":"de","@id":"https:\/\/www.gladfour.com\/#\/schema\/logo\/image\/","url":"https:\/\/www.gladfour.com\/wp-content\/uploads\/2023\/03\/0.1-LOGO-GLADFOUR-2.jpg","contentUrl":"https:\/\/www.gladfour.com\/wp-content\/uploads\/2023\/03\/0.1-LOGO-GLADFOUR-2.jpg","width":714,"height":196,"caption":"Gladfour Clean Energy"},"image":{"@id":"https:\/\/www.gladfour.com\/#\/schema\/logo\/image\/"}}]}},"_links":{"self":[{"href":"https:\/\/www.gladfour.com\/de\/wp-json\/wp\/v2\/pages\/284","targetHints":{"allow":["GET"]}}],"collection":[{"href":"https:\/\/www.gladfour.com\/de\/wp-json\/wp\/v2\/pages"}],"about":[{"href":"https:\/\/www.gladfour.com\/de\/wp-json\/wp\/v2\/types\/page"}],"author":[{"embeddable":true,"href":"https:\/\/www.gladfour.com\/de\/wp-json\/wp\/v2\/users\/1"}],"replies":[{"embeddable":true,"href":"https:\/\/www.gladfour.com\/de\/wp-json\/wp\/v2\/comments?post=284"}],"version-history":[{"count":0,"href":"https:\/\/www.gladfour.com\/de\/wp-json\/wp\/v2\/pages\/284\/revisions"}],"wp:attachment":[{"href":"https:\/\/www.gladfour.com\/de\/wp-json\/wp\/v2\/media?parent=284"}],"wp:term":[{"taxonomy":"category","embeddable":true,"href":"https:\/\/www.gladfour.com\/de\/wp-json\/wp\/v2\/categories?post=284"},{"taxonomy":"post_tag","embeddable":true,"href":"https:\/\/www.gladfour.com\/de\/wp-json\/wp\/v2\/tags?post=284"}],"curies":[{"name":"wp","href":"https:\/\/api.w.org\/{rel}","templated":true}]}}