{"id":650,"date":"2023-05-28T16:40:25","date_gmt":"2023-05-28T16:40:25","guid":{"rendered":"https:\/\/dev.gladfour.com\/?page_id=650"},"modified":"2025-07-07T08:44:23","modified_gmt":"2025-07-07T08:44:23","slug":"contacto","status":"publish","type":"page","link":"https:\/\/www.gladfour.com\/de\/kontakt\/","title":{"rendered":"Kontakt"},"content":{"rendered":"\t\t<div data-elementor-type=\"wp-page\" data-elementor-id=\"650\" class=\"elementor elementor-650\" data-elementor-post-type=\"page\">\n\t\t\t\t\t\t<section data-particle_enable=\"false\" data-particle-mobile-disabled=\"false\" class=\"elementor-section elementor-top-section elementor-element elementor-element-12d31ceb elementor-section-full_width elementor-section-stretched elementor-section-height-min-height elementor-section-height-default elementor-section-items-middle\" data-id=\"12d31ceb\" data-element_type=\"section\" data-e-type=\"section\" data-settings=\"{&quot;stretch_section&quot;:&quot;section-stretched&quot;,&quot;background_background&quot;:&quot;classic&quot;}\">\n\t\t\t\t\t\t<div class=\"elementor-container elementor-column-gap-default\">\n\t\t\t\t\t<div class=\"elementor-column elementor-col-50 elementor-top-column elementor-element elementor-element-6a1aa73d\" data-id=\"6a1aa73d\" data-element_type=\"column\" data-e-type=\"column\">\n\t\t\t<div class=\"elementor-widget-wrap\">\n\t\t\t\t\t\t\t<\/div>\n\t\t<\/div>\n\t\t\t\t<div class=\"elementor-column elementor-col-50 elementor-top-column elementor-element elementor-element-4855fb6e\" data-id=\"4855fb6e\" data-element_type=\"column\" data-e-type=\"column\" data-settings=\"{&quot;background_background&quot;:&quot;classic&quot;}\">\n\t\t\t<div class=\"elementor-widget-wrap elementor-element-populated\">\n\t\t\t\t\t<div class=\"elementor-background-overlay\"><\/div>\n\t\t\t\t\t\t<div class=\"elementor-element elementor-element-6f1c3396 elementor-widget elementor-widget-heading\" data-id=\"6f1c3396\" data-element_type=\"widget\" data-e-type=\"widget\" data-widget_type=\"heading.default\">\n\t\t\t\t<div class=\"elementor-widget-container\">\n\t\t\t\t\t<h1 class=\"elementor-heading-title elementor-size-default\">Contacte con nosotros. Estaremos encantados de atenderle.<\/h1>\t\t\t\t<\/div>\n\t\t\t\t<\/div>\n\t\t\t\t\t<\/div>\n\t\t<\/div>\n\t\t\t\t\t<\/div>\n\t\t<\/section>\n\t\t\t\t<section data-particle_enable=\"false\" data-particle-mobile-disabled=\"false\" class=\"elementor-section elementor-top-section elementor-element elementor-element-baa7487 elementor-section-boxed elementor-section-height-default elementor-section-height-default\" data-id=\"baa7487\" data-element_type=\"section\" data-e-type=\"section\">\n\t\t\t\t\t\t<div class=\"elementor-container elementor-column-gap-default\">\n\t\t\t\t\t<div class=\"elementor-column elementor-col-33 elementor-top-column elementor-element elementor-element-2692083\" data-id=\"2692083\" data-element_type=\"column\" data-e-type=\"column\">\n\t\t\t<div class=\"elementor-widget-wrap\">\n\t\t\t\t\t\t\t<\/div>\n\t\t<\/div>\n\t\t\t\t<div class=\"elementor-column elementor-col-33 elementor-top-column elementor-element elementor-element-37b76a1c\" data-id=\"37b76a1c\" data-element_type=\"column\" data-e-type=\"column\" data-settings=\"{&quot;background_background&quot;:&quot;classic&quot;}\">\n\t\t\t<div class=\"elementor-widget-wrap elementor-element-populated\">\n\t\t\t\t\t\t<div class=\"elementor-element elementor-element-22761c25 elementor-widget elementor-widget-heading\" data-id=\"22761c25\" data-element_type=\"widget\" data-e-type=\"widget\" data-widget_type=\"heading.default\">\n\t\t\t\t<div class=\"elementor-widget-container\">\n\t\t\t\t\t<h2 class=\"elementor-heading-title elementor-size-default\">Solicitud de propuesta de servicios<\/h2>\t\t\t\t<\/div>\n\t\t\t\t<\/div>\n\t\t\t\t<div class=\"elementor-element elementor-element-7fef7d82 elementor-button-align-stretch elementor-widget elementor-widget-form\" data-id=\"7fef7d82\" data-element_type=\"widget\" data-e-type=\"widget\" data-settings=\"{&quot;step_next_label&quot;:&quot;Siguiente&quot;,&quot;step_previous_label&quot;:&quot;Anterior&quot;,&quot;button_width&quot;:&quot;100&quot;,&quot;step_type&quot;:&quot;number_text&quot;,&quot;step_icon_shape&quot;:&quot;circle&quot;}\" data-widget_type=\"form.default\">\n\t\t\t\t<div class=\"elementor-widget-container\">\n\t\t\t\t\t\t\t<form class=\"elementor-form\" method=\"post\" id=\"contacto\" name=\"Solicitud de propuesta de servicios\" aria-label=\"Solicitud de propuesta de servicios\">\n\t\t\t<input type=\"hidden\" name=\"post_id\" value=\"650\"\/>\n\t\t\t<input type=\"hidden\" name=\"form_id\" value=\"7fef7d82\"\/>\n\t\t\t<input type=\"hidden\" name=\"referer_title\" value=\"Gladfour Clean Energy\" \/>\n\n\t\t\t\n\t\t\t<div class=\"elementor-form-fields-wrapper elementor-labels-above\">\n\t\t\t\t\t\t\t\t<div class=\"elementor-field-type-text elementor-field-group elementor-column elementor-field-group-nombre elementor-col-100\">\n\t\t\t\t\t\t\t\t\t\t\t\t<label for=\"form-field-nombre\" class=\"elementor-field-label\">\n\t\t\t\t\t\t\t\tNombre\t\t\t\t\t\t\t<\/label>\n\t\t\t\t\t\t\t\t\t\t\t\t\t\t<input size=\"1\" type=\"text\" name=\"form_fields[nombre]\" id=\"form-field-nombre\" class=\"elementor-field elementor-size-sm  elementor-field-textual\" placeholder=\"Nombre\">\n\t\t\t\t\t\t\t\t\t\t\t<\/div>\n\t\t\t\t\t\t\t\t<div class=\"elementor-field-type-text elementor-field-group elementor-column elementor-field-group-empresa elementor-col-100\">\n\t\t\t\t\t\t\t\t\t\t\t\t<label for=\"form-field-empresa\" class=\"elementor-field-label\">\n\t\t\t\t\t\t\t\tEmpresa\t\t\t\t\t\t\t<\/label>\n\t\t\t\t\t\t\t\t\t\t\t\t\t\t<input size=\"1\" type=\"text\" name=\"form_fields[empresa]\" id=\"form-field-empresa\" class=\"elementor-field elementor-size-sm  elementor-field-textual\" placeholder=\"Empresa\">\n\t\t\t\t\t\t\t\t\t\t\t<\/div>\n\t\t\t\t\t\t\t\t<div class=\"elementor-field-type-email elementor-field-group elementor-column elementor-field-group-email elementor-col-100 elementor-field-required elementor-mark-required\">\n\t\t\t\t\t\t\t\t\t\t\t\t<label for=\"form-field-email\" class=\"elementor-field-label\">\n\t\t\t\t\t\t\t\tEmail\t\t\t\t\t\t\t<\/label>\n\t\t\t\t\t\t\t\t\t\t\t\t\t\t<input size=\"1\" type=\"email\" name=\"form_fields[email]\" id=\"form-field-email\" class=\"elementor-field elementor-size-sm  elementor-field-textual\" placeholder=\"Email\" required=\"required\">\n\t\t\t\t\t\t\t\t\t\t\t<\/div>\n\t\t\t\t\t\t\t\t<div class=\"elementor-field-type-tel elementor-field-group elementor-column elementor-field-group-telefono elementor-col-100 elementor-field-required elementor-mark-required\">\n\t\t\t\t\t\t\t\t\t\t\t\t<label for=\"form-field-telefono\" class=\"elementor-field-label\">\n\t\t\t\t\t\t\t\tTel\u00e9fono\t\t\t\t\t\t\t<\/label>\n\t\t\t\t\t\t\t\t<input size=\"1\" type=\"tel\" name=\"form_fields[telefono]\" id=\"form-field-telefono\" class=\"elementor-field elementor-size-sm  elementor-field-textual\" placeholder=\"Tel\u00e9fono\" required=\"required\" pattern=\"[0-9()#&amp;+*-=.]+\" title=\"Nur Nummern oder Telefon-Zeichen (#, -, *, etc) werden akzeptiert.\">\n\n\t\t\t\t\t\t<\/div>\n\t\t\t\t\t\t\t\t<div class=\"elementor-field-type-textarea elementor-field-group elementor-column elementor-field-group-mensaje elementor-col-100\">\n\t\t\t\t\t\t\t\t\t\t\t\t<label for=\"form-field-mensaje\" class=\"elementor-field-label\">\n\t\t\t\t\t\t\t\tSu solicitud\t\t\t\t\t\t\t<\/label>\n\t\t\t\t\t\t<textarea class=\"elementor-field-textual elementor-field  elementor-size-sm\" name=\"form_fields[mensaje]\" id=\"form-field-mensaje\" rows=\"4\" placeholder=\"Servicios solicitados\"><\/textarea>\t\t\t\t<\/div>\n\t\t\t\t\t\t\t\t<div class=\"elementor-field-type-acceptance elementor-field-group elementor-column elementor-field-group-consentimiento elementor-col-100 elementor-field-required elementor-mark-required\">\n\t\t\t\t\t\t\t\t\t\t\t\t<label for=\"form-field-consentimiento\" class=\"elementor-field-label\">\n\t\t\t\t\t\t\t\t<strong>Necesitamos su consentimiento<\/strong><br\/><br\/>\t\t\t\t\t\t\t<\/label>\n\t\t\t\t\t\t\t\t<div class=\"elementor-field-subgroup\">\n\t\t\t<span class=\"elementor-field-option\">\n\t\t\t\t<input type=\"checkbox\" name=\"form_fields[consentimiento]\" id=\"form-field-consentimiento\" class=\"elementor-field elementor-size-sm  elementor-acceptance-field\" required=\"required\">\n\t\t\t\t<label for=\"form-field-consentimiento\">Presto mi consentimiento expreso para recibir comunicaciones relacionadas con mi consulta de parte de Gladfour, S.L. He le\u00eddo y acepto la <a href=\"\/politica-de-privacidad\" target=\"_blank\" rel=\"nofollow noopener noreferrer\" title=\"Pol\u00edtica de Privacidad de Gladfour\">Pol\u00edtica de Privacidad<\/a> de este sitio web.<\/label>\t\t\t<\/span>\n\t\t<\/div>\n\t\t\t\t\t\t<\/div>\n\t\t\t\t\t\t\t\t<div class=\"elementor-field-type-text\">\n\t\t\t\t\t<input size=\"1\" type=\"text\" name=\"form_fields[field_2039675]\" id=\"form-field-field_2039675\" class=\"elementor-field elementor-size-sm \" style=\"display:none !important;\">\t\t\t\t<\/div>\n\t\t\t\t\t\t\t\t<div class=\"elementor-field-group elementor-column elementor-field-type-submit elementor-col-100 e-form__buttons\">\n\t\t\t\t\t<button class=\"elementor-button elementor-size-md elementor-animation-shrink\" type=\"submit\">\n\t\t\t\t\t\t<span class=\"elementor-button-content-wrapper\">\n\t\t\t\t\t\t\t\t\t\t\t\t\t\t\t<span class=\"elementor-button-icon\">\n\t\t\t\t\t\t\t\t\t<i aria-hidden=\"true\" class=\"fab fa-telegram-plane\"><\/i>\t\t\t\t\t\t\t\t\t\t\t\t\t\t\t\t\t<\/span>\n\t\t\t\t\t\t\t\t\t\t\t\t\t\t\t\t\t\t\t\t\t\t<span class=\"elementor-button-text\">Enviar solicitud de prouesta de servicios<\/span>\n\t\t\t\t\t\t\t\t\t\t\t\t\t<\/span>\n\t\t\t\t\t<\/button>\n\t\t\t\t<\/div>\n\t\t\t<\/div>\n\t\t<\/form>\n\t\t\t\t\t\t<\/div>\n\t\t\t\t<\/div>\n\t\t\t\t\t<\/div>\n\t\t<\/div>\n\t\t\t\t<div class=\"elementor-column elementor-col-33 elementor-top-column elementor-element elementor-element-57f8fbee\" data-id=\"57f8fbee\" data-element_type=\"column\" data-e-type=\"column\" data-settings=\"{&quot;background_background&quot;:&quot;classic&quot;}\">\n\t\t\t<div class=\"elementor-widget-wrap\">\n\t\t\t\t\t\t\t<\/div>\n\t\t<\/div>\n\t\t\t\t\t<\/div>\n\t\t<\/section>\n\t\t\t\t<section data-particle_enable=\"false\" data-particle-mobile-disabled=\"false\" class=\"elementor-section elementor-top-section elementor-element elementor-element-1d049e7b elementor-section-content-middle elementor-section-boxed elementor-section-height-default elementor-section-height-default\" data-id=\"1d049e7b\" data-element_type=\"section\" data-e-type=\"section\">\n\t\t\t\t\t\t<div class=\"elementor-container elementor-column-gap-no\">\n\t\t\t\t\t<div class=\"elementor-column elementor-col-100 elementor-top-column elementor-element elementor-element-c895926\" data-id=\"c895926\" data-element_type=\"column\" data-e-type=\"column\">\n\t\t\t<div class=\"elementor-widget-wrap elementor-element-populated\">\n\t\t\t\t\t\t<div class=\"elementor-element elementor-element-a6ab894 elementor-widget elementor-widget-heading\" data-id=\"a6ab894\" data-element_type=\"widget\" data-e-type=\"widget\" data-widget_type=\"heading.default\">\n\t\t\t\t<div class=\"elementor-widget-container\">\n\t\t\t\t\t<h5 class=\"elementor-heading-title elementor-size-default\">O si lo prefiere tambi\u00e9n puede<\/h5>\t\t\t\t<\/div>\n\t\t\t\t<\/div>\n\t\t\t\t<div class=\"elementor-element elementor-element-5246e998 elementor-widget elementor-widget-heading\" data-id=\"5246e998\" data-element_type=\"widget\" data-e-type=\"widget\" data-widget_type=\"heading.default\">\n\t\t\t\t<div class=\"elementor-widget-container\">\n\t\t\t\t\t<h4 class=\"elementor-heading-title elementor-size-default\">Realizar cualquier consulta por email<\/h4>\t\t\t\t<\/div>\n\t\t\t\t<\/div>\n\t\t\t\t<div class=\"elementor-element elementor-element-1138961 elementor-widget elementor-widget-heading\" data-id=\"1138961\" data-element_type=\"widget\" data-e-type=\"widget\" data-widget_type=\"heading.default\">\n\t\t\t\t<div class=\"elementor-widget-container\">\n\t\t\t\t\t<h4 class=\"elementor-heading-title elementor-size-default\">contacto@gladfour.com<\/h4>\t\t\t\t<\/div>\n\t\t\t\t<\/div>\n\t\t\t\t\t<\/div>\n\t\t<\/div>\n\t\t\t\t\t<\/div>\n\t\t<\/section>\n\t\t\t\t<\/div>\n\t\t","protected":false},"excerpt":{"rendered":"<p>Contacte con Gladfour Clean Energy y solicite una propuesta de servicios acorde a sus necesidades de servicios de consultor\u00eda, organizaci\u00f3n de eventos o energ\u00edas renovables.<\/p>","protected":false},"author":1,"featured_media":652,"parent":0,"menu_order":0,"comment_status":"closed","ping_status":"closed","template":"","meta":{"footnotes":""},"categories":[1],"tags":[21],"class_list":["post-650","page","type-page","status-publish","has-post-thumbnail","hentry","category-general","tag-page-content"],"yoast_head":"<!-- This site is optimized with the Yoast SEO plugin v27.4 - https:\/\/yoast.com\/product\/yoast-seo-wordpress\/ -->\n<title>Contacto - Gladfour Clean Energy<\/title>\n<meta name=\"description\" content=\"Datos de Contacto e informaci\u00f3n. Solicite una propuesta de servicios a Gladfour Clean Energy acorde a sus necesidades.\" \/>\n<meta name=\"robots\" content=\"index, follow, max-snippet:-1, max-image-preview:large, max-video-preview:-1\" \/>\n<link rel=\"canonical\" href=\"https:\/\/www.gladfour.com\/de\/kontakt\/\" \/>\n<meta property=\"og:locale\" content=\"de_DE\" \/>\n<meta property=\"og:type\" content=\"article\" \/>\n<meta property=\"og:title\" content=\"Contacto - Gladfour Clean Energy\" \/>\n<meta property=\"og:description\" content=\"Datos de Contacto e informaci\u00f3n. Solicite una propuesta de servicios a Gladfour Clean Energy acorde a sus necesidades.\" \/>\n<meta property=\"og:url\" content=\"https:\/\/www.gladfour.com\/de\/kontakt\/\" \/>\n<meta property=\"og:site_name\" content=\"Gladfour Clean Energy\" \/>\n<meta property=\"article:modified_time\" content=\"2025-07-07T08:44:23+00:00\" \/>\n<meta property=\"og:image\" content=\"https:\/\/www.gladfour.com\/wp-content\/uploads\/2023\/08\/cabecera-contacto.jpg\" \/>\n\t<meta property=\"og:image:width\" content=\"1920\" \/>\n\t<meta property=\"og:image:height\" content=\"600\" \/>\n\t<meta property=\"og:image:type\" content=\"image\/jpeg\" \/>\n<meta name=\"twitter:card\" content=\"summary_large_image\" \/>\n<meta name=\"twitter:label1\" content=\"Gesch\u00e4tzte Lesezeit\" \/>\n\t<meta name=\"twitter:data1\" content=\"1\u00a0Minute\" \/>\n<script type=\"application\/ld+json\" class=\"yoast-schema-graph\">{\"@context\":\"https:\\\/\\\/schema.org\",\"@graph\":[{\"@type\":\"WebPage\",\"@id\":\"https:\\\/\\\/www.gladfour.com\\\/contacto\\\/\",\"url\":\"https:\\\/\\\/www.gladfour.com\\\/contacto\\\/\",\"name\":\"Contacto - Gladfour Clean Energy\",\"isPartOf\":{\"@id\":\"https:\\\/\\\/www.gladfour.com\\\/#website\"},\"primaryImageOfPage\":{\"@id\":\"https:\\\/\\\/www.gladfour.com\\\/contacto\\\/#primaryimage\"},\"image\":{\"@id\":\"https:\\\/\\\/www.gladfour.com\\\/contacto\\\/#primaryimage\"},\"thumbnailUrl\":\"https:\\\/\\\/www.gladfour.com\\\/wp-content\\\/uploads\\\/2023\\\/08\\\/cabecera-contacto.jpg\",\"datePublished\":\"2023-05-28T16:40:25+00:00\",\"dateModified\":\"2025-07-07T08:44:23+00:00\",\"description\":\"Datos de Contacto e informaci\u00f3n. Solicite una propuesta de servicios a Gladfour Clean Energy acorde a sus necesidades.\",\"breadcrumb\":{\"@id\":\"https:\\\/\\\/www.gladfour.com\\\/contacto\\\/#breadcrumb\"},\"inLanguage\":\"de\",\"potentialAction\":[{\"@type\":\"ReadAction\",\"target\":[\"https:\\\/\\\/www.gladfour.com\\\/contacto\\\/\"]}]},{\"@type\":\"ImageObject\",\"inLanguage\":\"de\",\"@id\":\"https:\\\/\\\/www.gladfour.com\\\/contacto\\\/#primaryimage\",\"url\":\"https:\\\/\\\/www.gladfour.com\\\/wp-content\\\/uploads\\\/2023\\\/08\\\/cabecera-contacto.jpg\",\"contentUrl\":\"https:\\\/\\\/www.gladfour.com\\\/wp-content\\\/uploads\\\/2023\\\/08\\\/cabecera-contacto.jpg\",\"width\":1920,\"height\":600},{\"@type\":\"BreadcrumbList\",\"@id\":\"https:\\\/\\\/www.gladfour.com\\\/contacto\\\/#breadcrumb\",\"itemListElement\":[{\"@type\":\"ListItem\",\"position\":1,\"name\":\"Inicio\",\"item\":\"https:\\\/\\\/www.gladfour.com\\\/\"},{\"@type\":\"ListItem\",\"position\":2,\"name\":\"Contacto\"}]},{\"@type\":\"WebSite\",\"@id\":\"https:\\\/\\\/www.gladfour.com\\\/#website\",\"url\":\"https:\\\/\\\/www.gladfour.com\\\/\",\"name\":\"Gladfour Clean Energy\",\"description\":\"Consultor\u00eda estrat\u00e9gica, financiera y biosanitaria.\",\"publisher\":{\"@id\":\"https:\\\/\\\/www.gladfour.com\\\/#organization\"},\"potentialAction\":[{\"@type\":\"SearchAction\",\"target\":{\"@type\":\"EntryPoint\",\"urlTemplate\":\"https:\\\/\\\/www.gladfour.com\\\/?s={search_term_string}\"},\"query-input\":{\"@type\":\"PropertyValueSpecification\",\"valueRequired\":true,\"valueName\":\"search_term_string\"}}],\"inLanguage\":\"de\"},{\"@type\":\"Organization\",\"@id\":\"https:\\\/\\\/www.gladfour.com\\\/#organization\",\"name\":\"Gladfour Clean Energy\",\"url\":\"https:\\\/\\\/www.gladfour.com\\\/\",\"logo\":{\"@type\":\"ImageObject\",\"inLanguage\":\"de\",\"@id\":\"https:\\\/\\\/www.gladfour.com\\\/#\\\/schema\\\/logo\\\/image\\\/\",\"url\":\"https:\\\/\\\/www.gladfour.com\\\/wp-content\\\/uploads\\\/2023\\\/03\\\/0.1-LOGO-GLADFOUR-2.jpg\",\"contentUrl\":\"https:\\\/\\\/www.gladfour.com\\\/wp-content\\\/uploads\\\/2023\\\/03\\\/0.1-LOGO-GLADFOUR-2.jpg\",\"width\":714,\"height\":196,\"caption\":\"Gladfour Clean Energy\"},\"image\":{\"@id\":\"https:\\\/\\\/www.gladfour.com\\\/#\\\/schema\\\/logo\\\/image\\\/\"}}]}<\/script>\n<!-- \/ Yoast SEO plugin. -->","yoast_head_json":{"title":"Kontakt - Gladfour Clean Energy","description":"Datos de Contacto e informaci\u00f3n. Solicite una propuesta de servicios a Gladfour Clean Energy acorde a sus necesidades.","robots":{"index":"index","follow":"follow","max-snippet":"max-snippet:-1","max-image-preview":"max-image-preview:large","max-video-preview":"max-video-preview:-1"},"canonical":"https:\/\/www.gladfour.com\/de\/kontakt\/","og_locale":"de_DE","og_type":"article","og_title":"Contacto - Gladfour Clean Energy","og_description":"Datos de Contacto e informaci\u00f3n. Solicite una propuesta de servicios a Gladfour Clean Energy acorde a sus necesidades.","og_url":"https:\/\/www.gladfour.com\/de\/kontakt\/","og_site_name":"Gladfour Clean Energy","article_modified_time":"2025-07-07T08:44:23+00:00","og_image":[{"width":1920,"height":600,"url":"https:\/\/www.gladfour.com\/wp-content\/uploads\/2023\/08\/cabecera-contacto.jpg","type":"image\/jpeg"}],"twitter_card":"summary_large_image","twitter_misc":{"Gesch\u00e4tzte Lesezeit":"1\u00a0Minute"},"schema":{"@context":"https:\/\/schema.org","@graph":[{"@type":"WebPage","@id":"https:\/\/www.gladfour.com\/contacto\/","url":"https:\/\/www.gladfour.com\/contacto\/","name":"Kontakt - Gladfour Clean Energy","isPartOf":{"@id":"https:\/\/www.gladfour.com\/#website"},"primaryImageOfPage":{"@id":"https:\/\/www.gladfour.com\/contacto\/#primaryimage"},"image":{"@id":"https:\/\/www.gladfour.com\/contacto\/#primaryimage"},"thumbnailUrl":"https:\/\/www.gladfour.com\/wp-content\/uploads\/2023\/08\/cabecera-contacto.jpg","datePublished":"2023-05-28T16:40:25+00:00","dateModified":"2025-07-07T08:44:23+00:00","description":"Datos de Contacto e informaci\u00f3n. Solicite una propuesta de servicios a Gladfour Clean Energy acorde a sus necesidades.","breadcrumb":{"@id":"https:\/\/www.gladfour.com\/contacto\/#breadcrumb"},"inLanguage":"de","potentialAction":[{"@type":"ReadAction","target":["https:\/\/www.gladfour.com\/contacto\/"]}]},{"@type":"ImageObject","inLanguage":"de","@id":"https:\/\/www.gladfour.com\/contacto\/#primaryimage","url":"https:\/\/www.gladfour.com\/wp-content\/uploads\/2023\/08\/cabecera-contacto.jpg","contentUrl":"https:\/\/www.gladfour.com\/wp-content\/uploads\/2023\/08\/cabecera-contacto.jpg","width":1920,"height":600},{"@type":"BreadcrumbList","@id":"https:\/\/www.gladfour.com\/contacto\/#breadcrumb","itemListElement":[{"@type":"ListItem","position":1,"name":"Inicio","item":"https:\/\/www.gladfour.com\/"},{"@type":"ListItem","position":2,"name":"Contacto"}]},{"@type":"WebSite","@id":"https:\/\/www.gladfour.com\/#website","url":"https:\/\/www.gladfour.com\/","name":"Gladfour Saubere Energie","description":"Strategische, finanzielle und biosanit\u00e4re Beratung.","publisher":{"@id":"https:\/\/www.gladfour.com\/#organization"},"potentialAction":[{"@type":"SearchAction","target":{"@type":"EntryPoint","urlTemplate":"https:\/\/www.gladfour.com\/?s={search_term_string}"},"query-input":{"@type":"PropertyValueSpecification","valueRequired":true,"valueName":"search_term_string"}}],"inLanguage":"de"},{"@type":"Organization","@id":"https:\/\/www.gladfour.com\/#organization","name":"Gladfour Saubere Energie","url":"https:\/\/www.gladfour.com\/","logo":{"@type":"ImageObject","inLanguage":"de","@id":"https:\/\/www.gladfour.com\/#\/schema\/logo\/image\/","url":"https:\/\/www.gladfour.com\/wp-content\/uploads\/2023\/03\/0.1-LOGO-GLADFOUR-2.jpg","contentUrl":"https:\/\/www.gladfour.com\/wp-content\/uploads\/2023\/03\/0.1-LOGO-GLADFOUR-2.jpg","width":714,"height":196,"caption":"Gladfour Clean Energy"},"image":{"@id":"https:\/\/www.gladfour.com\/#\/schema\/logo\/image\/"}}]}},"_links":{"self":[{"href":"https:\/\/www.gladfour.com\/de\/wp-json\/wp\/v2\/pages\/650","targetHints":{"allow":["GET"]}}],"collection":[{"href":"https:\/\/www.gladfour.com\/de\/wp-json\/wp\/v2\/pages"}],"about":[{"href":"https:\/\/www.gladfour.com\/de\/wp-json\/wp\/v2\/types\/page"}],"author":[{"embeddable":true,"href":"https:\/\/www.gladfour.com\/de\/wp-json\/wp\/v2\/users\/1"}],"replies":[{"embeddable":true,"href":"https:\/\/www.gladfour.com\/de\/wp-json\/wp\/v2\/comments?post=650"}],"version-history":[{"count":0,"href":"https:\/\/www.gladfour.com\/de\/wp-json\/wp\/v2\/pages\/650\/revisions"}],"wp:featuredmedia":[{"embeddable":true,"href":"https:\/\/www.gladfour.com\/de\/wp-json\/wp\/v2\/media\/652"}],"wp:attachment":[{"href":"https:\/\/www.gladfour.com\/de\/wp-json\/wp\/v2\/media?parent=650"}],"wp:term":[{"taxonomy":"category","embeddable":true,"href":"https:\/\/www.gladfour.com\/de\/wp-json\/wp\/v2\/categories?post=650"},{"taxonomy":"post_tag","embeddable":true,"href":"https:\/\/www.gladfour.com\/de\/wp-json\/wp\/v2\/tags?post=650"}],"curies":[{"name":"wp","href":"https:\/\/api.w.org\/{rel}","templated":true}]}}