{"id":280,"date":"2023-05-24T13:07:14","date_gmt":"2023-05-24T13:07:14","guid":{"rendered":"https:\/\/dev.gladfour.com\/?page_id=280"},"modified":"2023-05-24T13:07:17","modified_gmt":"2023-05-24T13:07:17","slug":"ayuda","status":"publish","type":"page","link":"https:\/\/www.gladfour.com\/en\/aid\/","title":{"rendered":"Aid"},"content":{"rendered":"<p>This page contains information to help you get the most out of this website.<\/p>\n\n\n\n<p>We have designed the website <strong>Gladfour Clean Energy<\/strong> to simplify its use as much as possible. However, some features, such as multimedia content, may be new to you. This page contains information to help you with those functions and to help you get the most out of this website.<\/p>\n\n\n\n<ul class=\"wp-block-list\">\n<li><a href=\"#requisitos\">Website requirements<\/a><\/li>\n\n\n\n<li><a href=\"#pdf\">PDF documents<\/a><\/li>\n\n\n\n<li><a href=\"#buscar\">Search<\/a><\/li>\n<\/ul>\n\n\n\n<p id=\"requisitos\"><strong>Website requirements<\/strong><\/p>\n\n\n\n<p>To view media files on the Gladfour website, the following software is required:<\/p>\n\n\n\n<p><em>Browser<\/em> Web<\/p>\n\n\n\n<p>We recommend using a current browser, such as:<\/p>\n\n\n\n<ul class=\"wp-block-list\">\n<li>Microsoft Edge<\/li>\n\n\n\n<li>Mozilla Firefox<\/li>\n\n\n\n<li>Google Chrome<\/li>\n\n\n\n<li>Safari<\/li>\n<\/ul>\n\n\n\n<p><em>PDF documents<\/em><\/p>\n\n\n\n<p>To read PDF documents, you may need the free program&nbsp;<a href=\"http:\/\/get.adobe.com\/reader\" target=\"_blank\" rel=\"noreferrer noopener\">Adobe Reader<\/a>.<\/p>\n\n\n\n<p id=\"pdf\"><strong><a><\/a>PDF documents<\/strong><\/p>\n\n\n\n<p>There are many PDF documents available on the Gladfour website. They contain more information than can generally fit on a web page and have the added value of being formatted for easy printing.<\/p>\n\n\n\n<p><em>What are PDF files?<\/em><\/p>\n\n\n\n<p>PDF (Portable Document Format) files allow documents to be read and shared in different types of applications and computer systems. They are much better suited for longer documents than a web page and have the added benefit of being easy to print. The PDF format was created by Adobe and to read documents in this format, you must install the Adobe Reader program. It&#039;s free, downloads quickly and is easy to install.<\/p>\n\n\n\n<p><em>How do I get Adobe Reader?<\/em><\/p>\n\n\n\n<p><a href=\"http:\/\/get.adobe.com\/reader\" target=\"_blank\" rel=\"noreferrer noopener nofollow\">Download Adobe Reader<\/a><\/p>\n\n\n\n<p>Before starting the installation, we recommend closing the web browser as Adobe Reader may be integrated into it and the operation may not be successful if it is open. Follow the installation instructions until the process is complete.<\/p>\n\n\n\n<p><em>How do I get the most out of PDF documents?<\/em><\/p>\n\n\n\n<p>By using the icons on the Adobe Reader taskbar, you can enlarge small text and images. You can move around the page to examine different parts of the page. You can also click the print icon to send the document to the network printer. Most PDF documents have been optimized for printing, meaning they can be easily transferred from the Gladfour website to paper for reading at your leisure. Also, if you use the save icon, you can save the document to your computer to read or print it whenever you want without having to revisit the web page where you found the original link.<\/p>\n\n\n\n<p id=\"buscar\"><strong><a><\/a>Search&nbsp;<\/strong><\/p>\n\n\n\n<p>The Gladfour Clean Energy website is constantly expanding with the addition of new content. The most important information is highlighted on our pages. However, there is also much additional material that can be located using the search function.<\/p>\n\n\n\n<p><em>How is information distributed on the Gladfour website?<\/em><\/p>\n\n\n\n<p>El sitio web se divide en secciones, cada una conectada a\u00a0\u00e1reas espec\u00edficas de nuestro negocio. Las secciones son \u201cConsultor\u00eda\u201d, \u201cOrganizaci\u00f3n de eventos\u201d, \u201cEnerg\u00edas renovables\u201d, \u201cSectores\u201d y \u00abServicios\u00bb.\u00a0A su vez, la informaci\u00f3n se clasifica dentro de estas secciones. Por ejemplo,\u00a0en \u201cConsultor\u00eda\u201d encontrar\u00e1 \u201cGesti\u00f3n estrat\u00e9gica\u201d, \u201cBiosanitaria\u201d y \u201cFinanciera\u201d. Al navegar\u00a0por estas diversas partes del sitio web, encontrar\u00e1 informaci\u00f3n de \u201calto\u00a0nivel\u201d, es decir, el material que consideramos m\u00e1s importante y oportuno.<\/p>\n\n\n\n<p><em>How do I search for specific information?<\/em><\/p>\n\n\n\n<p>The Gladfour website has an integrated search engine. In the upper right corner of each page you will find a search field. Enter the keywords and click the button to perform the search. If you are looking for a specific phrase, put it in quotes. For example, if you type structured financial derivatives, the engine will search for documents that contain any of those words anywhere in the text. However, if you type \u201cstructured financial derivatives\u201d (in quotes), the search engine will only search for documents that contain the three words in that order.<\/p>\n\n\n\n<p><em>How do I choose search terms?<\/em><\/p>\n\n\n\n<p>Select the words that are most relevant to the topic you are searching for. Try to be as specific as possible and use more than one word if you can. Search engines do not take case into account, so it is not necessary to enter them, for example, in the case of proper names; The results will be the same whether you use upper or lower case. Common words like \u201cand,\u201d \u201cwhere,\u201d \u201cas,\u201d and \u201cif\u201d are also overlooked. Therefore, instead of writing \u201chow can I find the latest news on European tax legislation\u201d, you only need to write \u201clatest European tax legislation\u201d. What&#039;s more, since the search results are sorted so that the most recent material appears first, you are likely to get the same result if you simply type \u201cEuropean tax law\u201d in the search field.<\/p>","protected":false},"excerpt":{"rendered":"<p>Esta p\u00e1gina contiene informaci\u00f3n para ayudarle a que aproveche al m\u00e1ximo este sitio web. Hemos dise\u00f1ado el sitio web de Gladfour Clean Energy para simplificar su uso\u00a0en la medida de lo posible. Sin embargo, es posible que algunas funciones, como\u00a0el contenido multimedia, sean nuevas para usted. Esta p\u00e1gina contiene\u00a0informaci\u00f3n para ayudarle con esas funciones y [&hellip;]<\/p>\n","protected":false},"author":1,"featured_media":0,"parent":0,"menu_order":0,"comment_status":"closed","ping_status":"closed","template":"","meta":{"footnotes":""},"categories":[11],"tags":[21],"class_list":["post-280","page","type-page","status-publish","hentry","category-legal","tag-page-content"],"yoast_head":"<!-- This site is optimized with the Yoast SEO plugin v27.4 - https:\/\/yoast.com\/product\/yoast-seo-wordpress\/ -->\n<title>Ayuda - Gladfour Clean Energy<\/title>\n<meta name=\"description\" content=\"Esta p\u00e1gina contiene informaci\u00f3n para ayudarle a que aproveche al m\u00e1ximo el sitio web de Gladfour Clean Energy.\" \/>\n<meta name=\"robots\" content=\"index, follow, max-snippet:-1, max-image-preview:large, max-video-preview:-1\" \/>\n<link rel=\"canonical\" href=\"https:\/\/www.gladfour.com\/en\/aid\/\" \/>\n<meta property=\"og:locale\" content=\"en_GB\" \/>\n<meta property=\"og:type\" content=\"article\" \/>\n<meta property=\"og:title\" content=\"Ayuda - Gladfour Clean Energy\" \/>\n<meta property=\"og:description\" content=\"Esta p\u00e1gina contiene informaci\u00f3n para ayudarle a que aproveche al m\u00e1ximo el sitio web de Gladfour Clean Energy.\" \/>\n<meta property=\"og:url\" content=\"https:\/\/www.gladfour.com\/en\/aid\/\" \/>\n<meta property=\"og:site_name\" content=\"Gladfour Clean Energy\" \/>\n<meta property=\"article:modified_time\" content=\"2023-05-24T13:07:17+00:00\" \/>\n<meta name=\"twitter:card\" content=\"summary_large_image\" \/>\n<meta name=\"twitter:label1\" content=\"Estimated reading time\" \/>\n\t<meta name=\"twitter:data1\" content=\"4 minutes\" \/>\n<script type=\"application\/ld+json\" class=\"yoast-schema-graph\">{\"@context\":\"https:\\\/\\\/schema.org\",\"@graph\":[{\"@type\":\"WebPage\",\"@id\":\"https:\\\/\\\/www.gladfour.com\\\/ayuda\\\/\",\"url\":\"https:\\\/\\\/www.gladfour.com\\\/ayuda\\\/\",\"name\":\"Ayuda - Gladfour Clean Energy\",\"isPartOf\":{\"@id\":\"https:\\\/\\\/www.gladfour.com\\\/#website\"},\"datePublished\":\"2023-05-24T13:07:14+00:00\",\"dateModified\":\"2023-05-24T13:07:17+00:00\",\"description\":\"Esta p\u00e1gina contiene informaci\u00f3n para ayudarle a que aproveche al m\u00e1ximo el sitio web de Gladfour Clean Energy.\",\"breadcrumb\":{\"@id\":\"https:\\\/\\\/www.gladfour.com\\\/ayuda\\\/#breadcrumb\"},\"inLanguage\":\"en-GB\",\"potentialAction\":[{\"@type\":\"ReadAction\",\"target\":[\"https:\\\/\\\/www.gladfour.com\\\/ayuda\\\/\"]}]},{\"@type\":\"BreadcrumbList\",\"@id\":\"https:\\\/\\\/www.gladfour.com\\\/ayuda\\\/#breadcrumb\",\"itemListElement\":[{\"@type\":\"ListItem\",\"position\":1,\"name\":\"Inicio\",\"item\":\"https:\\\/\\\/www.gladfour.com\\\/\"},{\"@type\":\"ListItem\",\"position\":2,\"name\":\"Ayuda\"}]},{\"@type\":\"WebSite\",\"@id\":\"https:\\\/\\\/www.gladfour.com\\\/#website\",\"url\":\"https:\\\/\\\/www.gladfour.com\\\/\",\"name\":\"Gladfour Clean Energy\",\"description\":\"Consultor\u00eda estrat\u00e9gica, financiera y biosanitaria.\",\"publisher\":{\"@id\":\"https:\\\/\\\/www.gladfour.com\\\/#organization\"},\"potentialAction\":[{\"@type\":\"SearchAction\",\"target\":{\"@type\":\"EntryPoint\",\"urlTemplate\":\"https:\\\/\\\/www.gladfour.com\\\/?s={search_term_string}\"},\"query-input\":{\"@type\":\"PropertyValueSpecification\",\"valueRequired\":true,\"valueName\":\"search_term_string\"}}],\"inLanguage\":\"en-GB\"},{\"@type\":\"Organization\",\"@id\":\"https:\\\/\\\/www.gladfour.com\\\/#organization\",\"name\":\"Gladfour Clean Energy\",\"url\":\"https:\\\/\\\/www.gladfour.com\\\/\",\"logo\":{\"@type\":\"ImageObject\",\"inLanguage\":\"en-GB\",\"@id\":\"https:\\\/\\\/www.gladfour.com\\\/#\\\/schema\\\/logo\\\/image\\\/\",\"url\":\"https:\\\/\\\/www.gladfour.com\\\/wp-content\\\/uploads\\\/2023\\\/03\\\/0.1-LOGO-GLADFOUR-2.jpg\",\"contentUrl\":\"https:\\\/\\\/www.gladfour.com\\\/wp-content\\\/uploads\\\/2023\\\/03\\\/0.1-LOGO-GLADFOUR-2.jpg\",\"width\":714,\"height\":196,\"caption\":\"Gladfour Clean Energy\"},\"image\":{\"@id\":\"https:\\\/\\\/www.gladfour.com\\\/#\\\/schema\\\/logo\\\/image\\\/\"}}]}<\/script>\n<!-- \/ Yoast SEO plugin. -->","yoast_head_json":{"title":"Help - Gladfour Clean Energy","description":"This page contains information to help you get the most out of the Gladfour Clean Energy website.","robots":{"index":"index","follow":"follow","max-snippet":"max-snippet:-1","max-image-preview":"max-image-preview:large","max-video-preview":"max-video-preview:-1"},"canonical":"https:\/\/www.gladfour.com\/en\/aid\/","og_locale":"en_GB","og_type":"article","og_title":"Ayuda - Gladfour Clean Energy","og_description":"Esta p\u00e1gina contiene informaci\u00f3n para ayudarle a que aproveche al m\u00e1ximo el sitio web de Gladfour Clean Energy.","og_url":"https:\/\/www.gladfour.com\/en\/aid\/","og_site_name":"Gladfour Clean Energy","article_modified_time":"2023-05-24T13:07:17+00:00","twitter_card":"summary_large_image","twitter_misc":{"Estimated reading time":"4 minutes"},"schema":{"@context":"https:\/\/schema.org","@graph":[{"@type":"WebPage","@id":"https:\/\/www.gladfour.com\/ayuda\/","url":"https:\/\/www.gladfour.com\/ayuda\/","name":"Help - Gladfour Clean Energy","isPartOf":{"@id":"https:\/\/www.gladfour.com\/#website"},"datePublished":"2023-05-24T13:07:14+00:00","dateModified":"2023-05-24T13:07:17+00:00","description":"This page contains information to help you get the most out of the Gladfour Clean Energy website.","breadcrumb":{"@id":"https:\/\/www.gladfour.com\/ayuda\/#breadcrumb"},"inLanguage":"en-GB","potentialAction":[{"@type":"ReadAction","target":["https:\/\/www.gladfour.com\/ayuda\/"]}]},{"@type":"BreadcrumbList","@id":"https:\/\/www.gladfour.com\/ayuda\/#breadcrumb","itemListElement":[{"@type":"ListItem","position":1,"name":"Inicio","item":"https:\/\/www.gladfour.com\/"},{"@type":"ListItem","position":2,"name":"Ayuda"}]},{"@type":"WebSite","@id":"https:\/\/www.gladfour.com\/#website","url":"https:\/\/www.gladfour.com\/","name":"Gladfour Clean Energy","description":"Strategic, financial and biosanitary consulting.","publisher":{"@id":"https:\/\/www.gladfour.com\/#organization"},"potentialAction":[{"@type":"SearchAction","target":{"@type":"EntryPoint","urlTemplate":"https:\/\/www.gladfour.com\/?s={search_term_string}"},"query-input":{"@type":"PropertyValueSpecification","valueRequired":true,"valueName":"search_term_string"}}],"inLanguage":"en-GB"},{"@type":"Organization","@id":"https:\/\/www.gladfour.com\/#organization","name":"Gladfour Clean Energy","url":"https:\/\/www.gladfour.com\/","logo":{"@type":"ImageObject","inLanguage":"en-GB","@id":"https:\/\/www.gladfour.com\/#\/schema\/logo\/image\/","url":"https:\/\/www.gladfour.com\/wp-content\/uploads\/2023\/03\/0.1-LOGO-GLADFOUR-2.jpg","contentUrl":"https:\/\/www.gladfour.com\/wp-content\/uploads\/2023\/03\/0.1-LOGO-GLADFOUR-2.jpg","width":714,"height":196,"caption":"Gladfour Clean Energy"},"image":{"@id":"https:\/\/www.gladfour.com\/#\/schema\/logo\/image\/"}}]}},"_links":{"self":[{"href":"https:\/\/www.gladfour.com\/en\/wp-json\/wp\/v2\/pages\/280","targetHints":{"allow":["GET"]}}],"collection":[{"href":"https:\/\/www.gladfour.com\/en\/wp-json\/wp\/v2\/pages"}],"about":[{"href":"https:\/\/www.gladfour.com\/en\/wp-json\/wp\/v2\/types\/page"}],"author":[{"embeddable":true,"href":"https:\/\/www.gladfour.com\/en\/wp-json\/wp\/v2\/users\/1"}],"replies":[{"embeddable":true,"href":"https:\/\/www.gladfour.com\/en\/wp-json\/wp\/v2\/comments?post=280"}],"version-history":[{"count":0,"href":"https:\/\/www.gladfour.com\/en\/wp-json\/wp\/v2\/pages\/280\/revisions"}],"wp:attachment":[{"href":"https:\/\/www.gladfour.com\/en\/wp-json\/wp\/v2\/media?parent=280"}],"wp:term":[{"taxonomy":"category","embeddable":true,"href":"https:\/\/www.gladfour.com\/en\/wp-json\/wp\/v2\/categories?post=280"},{"taxonomy":"post_tag","embeddable":true,"href":"https:\/\/www.gladfour.com\/en\/wp-json\/wp\/v2\/tags?post=280"}],"curies":[{"name":"wp","href":"https:\/\/api.w.org\/{rel}","templated":true}]}}